{"id":3194,"date":"2024-10-16T10:20:58","date_gmt":"2024-10-16T14:20:58","guid":{"rendered":"https:\/\/emc-mec.ca\/?page_id=3194"},"modified":"2025-03-19T10:46:11","modified_gmt":"2025-03-19T14:46:11","slug":"en-region-on-conduit-electrique","status":"publish","type":"page","link":"https:\/\/emc-mec.ca\/fr\/en-region-on-conduit-electrique\/","title":{"rendered":""},"content":{"rendered":"\n<figure class=\"wp-block-image size-full\"><img loading=\"lazy\" decoding=\"async\" width=\"3840\" height=\"1824\" src=\"https:\/\/emc-mec.ca\/wp-content\/uploads\/2025\/03\/01.-Header-FR.png\" alt=\"\" class=\"wp-image-4806\" srcset=\"https:\/\/emc-mec.ca\/wp-content\/uploads\/2025\/03\/01.-Header-FR.png 3840w, https:\/\/emc-mec.ca\/wp-content\/uploads\/2025\/03\/01.-Header-FR-300x143.png 300w, https:\/\/emc-mec.ca\/wp-content\/uploads\/2025\/03\/01.-Header-FR-1024x486.png 1024w, https:\/\/emc-mec.ca\/wp-content\/uploads\/2025\/03\/01.-Header-FR-768x365.png 768w, https:\/\/emc-mec.ca\/wp-content\/uploads\/2025\/03\/01.-Header-FR-1536x730.png 1536w, https:\/\/emc-mec.ca\/wp-content\/uploads\/2025\/03\/01.-Header-FR-2048x973.png 2048w\" sizes=\"auto, (max-width: 3840px) 100vw, 3840px\" \/><\/figure>\n\n\n\n<div class=\"wp-block-columns has-background is-layout-flex wp-container-core-columns-is-layout-ad8da930 wp-block-columns-is-layout-flex\" style=\"background-color:#b4b0a7;margin-top:0;margin-bottom:0;padding-top:var(--wp--preset--spacing--superbspacing-small);padding-right:var(--wp--preset--spacing--superbspacing-small);padding-bottom:var(--wp--preset--spacing--superbspacing-small);padding-left:var(--wp--preset--spacing--superbspacing-small)\">\n<div class=\"wp-block-column is-layout-flow wp-block-column-is-layout-flow\">\n<h2 class=\"wp-block-heading\" style=\"font-size:30px\">L&#8217;\u00e9lectrique, con\u00e7u pour le quotidien en r\u00e9gion rurale<\/h2>\n<\/div>\n\n\n\n<div class=\"wp-block-column is-layout-flow wp-block-column-is-layout-flow\">\n<p class=\"has-white-color has-text-color has-link-color wp-elements-1385985b2a23441a33cd28a171d00c2d\">Que vous soyez un agriculteur, un amateur de plein air ou un parent toujours en mouvement, l&#8217;\u00e9lectrique vous offre libert\u00e9, \u00e9conomie et tranquillit\u00e9, sans compromis.<\/p>\n<\/div>\n<\/div>\n\n\n\n<div class=\"wp-block-group has-background\" style=\"background-color:#272727;margin-top:0;margin-bottom:0;padding-top:var(--wp--preset--spacing--superbspacing-small);padding-right:var(--wp--preset--spacing--superbspacing-small);padding-bottom:var(--wp--preset--spacing--superbspacing-small);padding-left:var(--wp--preset--spacing--superbspacing-small)\"><div class=\"wp-block-group__inner-container is-layout-constrained wp-container-core-group-is-layout-9f3292a8 wp-block-group-is-layout-constrained\">\n<h2 class=\"wp-block-heading has-white-color has-text-color has-link-color wp-elements-592b67f296d681152c96e194900c9da7\" style=\"font-size:30px\">Conduire \u00e9lectrique, c&#8217;est plus facile que jamais<\/h2>\n\n\n\n<figure class=\"wp-block-image size-large\"><img loading=\"lazy\" decoding=\"async\" width=\"1024\" height=\"518\" src=\"https:\/\/emc-mec.ca\/wp-content\/uploads\/2025\/03\/02.-Section-mythes-FR-1024x518.png\" alt=\"\" class=\"wp-image-4808\" srcset=\"https:\/\/emc-mec.ca\/wp-content\/uploads\/2025\/03\/02.-Section-mythes-FR-1024x518.png 1024w, https:\/\/emc-mec.ca\/wp-content\/uploads\/2025\/03\/02.-Section-mythes-FR-300x152.png 300w, https:\/\/emc-mec.ca\/wp-content\/uploads\/2025\/03\/02.-Section-mythes-FR-768x389.png 768w, https:\/\/emc-mec.ca\/wp-content\/uploads\/2025\/03\/02.-Section-mythes-FR-1536x777.png 1536w, https:\/\/emc-mec.ca\/wp-content\/uploads\/2025\/03\/02.-Section-mythes-FR-2048x1037.png 2048w\" sizes=\"auto, (max-width: 1024px) 100vw, 1024px\" \/><\/figure>\n<\/div><\/div>\n\n\n\n<figure class=\"wp-block-image size-full is-resized\"><img loading=\"lazy\" decoding=\"async\" width=\"3840\" height=\"1572\" src=\"https:\/\/emc-mec.ca\/wp-content\/uploads\/2025\/03\/03.-Insert-image-ambassadeur.png\" alt=\"\" class=\"wp-image-4799\" style=\"width:800px\" srcset=\"https:\/\/emc-mec.ca\/wp-content\/uploads\/2025\/03\/03.-Insert-image-ambassadeur.png 3840w, https:\/\/emc-mec.ca\/wp-content\/uploads\/2025\/03\/03.-Insert-image-ambassadeur-300x123.png 300w, https:\/\/emc-mec.ca\/wp-content\/uploads\/2025\/03\/03.-Insert-image-ambassadeur-1024x419.png 1024w, https:\/\/emc-mec.ca\/wp-content\/uploads\/2025\/03\/03.-Insert-image-ambassadeur-768x314.png 768w, https:\/\/emc-mec.ca\/wp-content\/uploads\/2025\/03\/03.-Insert-image-ambassadeur-1536x629.png 1536w, https:\/\/emc-mec.ca\/wp-content\/uploads\/2025\/03\/03.-Insert-image-ambassadeur-2048x838.png 2048w\" sizes=\"auto, (max-width: 3840px) 100vw, 3840px\" \/><\/figure>\n\n\n\n<div class=\"wp-block-group has-background\" style=\"background-color:#272727;margin-top:0;margin-bottom:0;padding-top:var(--wp--preset--spacing--superbspacing-small);padding-right:var(--wp--preset--spacing--superbspacing-small);padding-bottom:var(--wp--preset--spacing--superbspacing-small);padding-left:var(--wp--preset--spacing--superbspacing-small)\"><div class=\"wp-block-group__inner-container is-layout-constrained wp-container-core-group-is-layout-9f3292a8 wp-block-group-is-layout-constrained\">\n<div class=\"wp-block-columns has-background is-layout-flex wp-container-core-columns-is-layout-a1f37335 wp-block-columns-is-layout-flex\" style=\"background-color:#272727;padding-top:var(--wp--preset--spacing--superbspacing-small);padding-right:var(--wp--preset--spacing--superbspacing-xsmall);padding-bottom:var(--wp--preset--spacing--superbspacing-small);padding-left:var(--wp--preset--spacing--superbspacing-xsmall)\">\n<div class=\"wp-block-column is-layout-flow wp-block-column-is-layout-flow\">\n<h2 class=\"wp-block-heading has-white-color has-text-color has-link-color wp-elements-0232c8cfd70cd5f2bb661af2d589d204\" style=\"font-size:30px\">Voyez comment les Canadiens adoptent l&#8217;\u00e9lectrique<\/h2>\n<\/div>\n\n\n\n<div class=\"wp-block-column is-layout-flow wp-block-column-is-layout-flow\">\n<p class=\"has-text-color has-link-color wp-elements-d8cdb86cdba8f19dcce10be09d3e334b\" style=\"color:#b4b0a7\">D\u00e9couvrez comment l&#8217;\u00e9lectrique s&#8217;int\u00e8gre dans la vie des conducteurs en r\u00e9gion rurale, tout en prot\u00e9geant l&#8217;environnement\u2014et leur budget.<\/p>\n<\/div>\n<\/div>\n\n\n\n<div class=\"wp-block-group is-horizontal is-content-justification-space-between is-nowrap is-layout-flex wp-container-core-group-is-layout-93f9193f wp-block-group-is-layout-flex\" style=\"margin-top:0;margin-bottom:0;padding-right:0;padding-left:0\">\n<figure class=\"wp-block-image size-full\"><a href=\"https:\/\/youtu.be\/-FdR44Rcf-I\" target=\"_blank\" rel=\"noreferrer noopener\"><img loading=\"lazy\" decoding=\"async\" width=\"966\" height=\"1716\" src=\"https:\/\/emc-mec.ca\/wp-content\/uploads\/2024\/10\/Thumbnail-tiktok-Raynald.png\" alt=\"\" class=\"wp-image-3416\" style=\"object-fit:cover\" srcset=\"https:\/\/emc-mec.ca\/wp-content\/uploads\/2024\/10\/Thumbnail-tiktok-Raynald.png 966w, https:\/\/emc-mec.ca\/wp-content\/uploads\/2024\/10\/Thumbnail-tiktok-Raynald-169x300.png 169w, https:\/\/emc-mec.ca\/wp-content\/uploads\/2024\/10\/Thumbnail-tiktok-Raynald-576x1024.png 576w, https:\/\/emc-mec.ca\/wp-content\/uploads\/2024\/10\/Thumbnail-tiktok-Raynald-768x1364.png 768w, https:\/\/emc-mec.ca\/wp-content\/uploads\/2024\/10\/Thumbnail-tiktok-Raynald-865x1536.png 865w\" sizes=\"auto, (max-width: 966px) 100vw, 966px\" \/><\/a><\/figure>\n\n\n\n<figure class=\"wp-block-image size-full\"><a href=\"https:\/\/www.youtube.com\/shorts\/hU1DE4TsMgg\"><img loading=\"lazy\" decoding=\"async\" width=\"966\" height=\"1716\" src=\"https:\/\/emc-mec.ca\/wp-content\/uploads\/2025\/03\/Thumbnail_tiktok_alain1.png\" alt=\"\" class=\"wp-image-4777\" style=\"object-fit:cover\" srcset=\"https:\/\/emc-mec.ca\/wp-content\/uploads\/2025\/03\/Thumbnail_tiktok_alain1.png 966w, https:\/\/emc-mec.ca\/wp-content\/uploads\/2025\/03\/Thumbnail_tiktok_alain1-169x300.png 169w, https:\/\/emc-mec.ca\/wp-content\/uploads\/2025\/03\/Thumbnail_tiktok_alain1-576x1024.png 576w, https:\/\/emc-mec.ca\/wp-content\/uploads\/2025\/03\/Thumbnail_tiktok_alain1-768x1364.png 768w, https:\/\/emc-mec.ca\/wp-content\/uploads\/2025\/03\/Thumbnail_tiktok_alain1-865x1536.png 865w\" sizes=\"auto, (max-width: 966px) 100vw, 966px\" \/><\/a><\/figure>\n\n\n\n<figure class=\"wp-block-image size-full\"><a href=\"https:\/\/www.youtube.com\/shorts\/T8G--fQ-zeY\"><img loading=\"lazy\" decoding=\"async\" width=\"966\" height=\"1716\" src=\"https:\/\/emc-mec.ca\/wp-content\/uploads\/2025\/03\/Thumbnail_tiktok_sorensen2.png\" alt=\"\" class=\"wp-image-4779\" style=\"object-fit:cover\" srcset=\"https:\/\/emc-mec.ca\/wp-content\/uploads\/2025\/03\/Thumbnail_tiktok_sorensen2.png 966w, https:\/\/emc-mec.ca\/wp-content\/uploads\/2025\/03\/Thumbnail_tiktok_sorensen2-169x300.png 169w, https:\/\/emc-mec.ca\/wp-content\/uploads\/2025\/03\/Thumbnail_tiktok_sorensen2-576x1024.png 576w, https:\/\/emc-mec.ca\/wp-content\/uploads\/2025\/03\/Thumbnail_tiktok_sorensen2-768x1364.png 768w, https:\/\/emc-mec.ca\/wp-content\/uploads\/2025\/03\/Thumbnail_tiktok_sorensen2-865x1536.png 865w\" sizes=\"auto, (max-width: 966px) 100vw, 966px\" \/><\/a><\/figure>\n<\/div>\n<\/div><\/div>\n\n\n\n<figure class=\"wp-block-image size-full\"><img loading=\"lazy\" decoding=\"async\" width=\"3840\" height=\"1128\" src=\"https:\/\/emc-mec.ca\/wp-content\/uploads\/2025\/03\/05.-Insert-image-paysage-route-neige.png\" alt=\"\" class=\"wp-image-4802\" srcset=\"https:\/\/emc-mec.ca\/wp-content\/uploads\/2025\/03\/05.-Insert-image-paysage-route-neige.png 3840w, https:\/\/emc-mec.ca\/wp-content\/uploads\/2025\/03\/05.-Insert-image-paysage-route-neige-300x88.png 300w, https:\/\/emc-mec.ca\/wp-content\/uploads\/2025\/03\/05.-Insert-image-paysage-route-neige-1024x301.png 1024w, https:\/\/emc-mec.ca\/wp-content\/uploads\/2025\/03\/05.-Insert-image-paysage-route-neige-768x226.png 768w, https:\/\/emc-mec.ca\/wp-content\/uploads\/2025\/03\/05.-Insert-image-paysage-route-neige-1536x451.png 1536w, https:\/\/emc-mec.ca\/wp-content\/uploads\/2025\/03\/05.-Insert-image-paysage-route-neige-2048x602.png 2048w\" sizes=\"auto, (max-width: 3840px) 100vw, 3840px\" \/><\/figure>\n\n\n\n<div class=\"wp-block-group has-background\" style=\"background-color:#b4b0a7;padding-top:var(--wp--preset--spacing--superbspacing-small);padding-right:var(--wp--preset--spacing--superbspacing-small);padding-bottom:var(--wp--preset--spacing--superbspacing-small);padding-left:var(--wp--preset--spacing--superbspacing-small)\"><div class=\"wp-block-group__inner-container is-layout-constrained wp-container-core-group-is-layout-228b8e35 wp-block-group-is-layout-constrained\">\n<h2 class=\"wp-block-heading\" style=\"font-size:30px\">Ils ont choisi l&#8217;\u00e9lectrique<\/h2>\n\n\n\n<div style=\"height:25px\" aria-hidden=\"true\" class=\"wp-block-spacer\"><\/div>\n\n\n\n<div class=\"wp-block-group is-horizontal is-content-justification-space-between is-nowrap is-layout-flex wp-container-core-group-is-layout-c7017e0a wp-block-group-is-layout-flex\">\n<figure class=\"wp-block-image size-full\"><img loading=\"lazy\" decoding=\"async\" width=\"543\" height=\"887\" src=\"https:\/\/emc-mec.ca\/wp-content\/uploads\/2024\/10\/EMC_temoignage_francois_sthyacinthe-1-1.png\" alt=\"\" class=\"wp-image-3376\" style=\"object-fit:cover\" srcset=\"https:\/\/emc-mec.ca\/wp-content\/uploads\/2024\/10\/EMC_temoignage_francois_sthyacinthe-1-1.png 543w, https:\/\/emc-mec.ca\/wp-content\/uploads\/2024\/10\/EMC_temoignage_francois_sthyacinthe-1-1-184x300.png 184w\" sizes=\"auto, (max-width: 543px) 100vw, 543px\" \/><\/figure>\n\n\n\n<figure class=\"wp-block-image size-full\"><img loading=\"lazy\" decoding=\"async\" width=\"543\" height=\"887\" src=\"https:\/\/emc-mec.ca\/wp-content\/uploads\/2024\/10\/EMC_temoignage_Mathieu_MontJoli.png\" alt=\"\" class=\"wp-image-3378\" style=\"object-fit:cover\" srcset=\"https:\/\/emc-mec.ca\/wp-content\/uploads\/2024\/10\/EMC_temoignage_Mathieu_MontJoli.png 543w, https:\/\/emc-mec.ca\/wp-content\/uploads\/2024\/10\/EMC_temoignage_Mathieu_MontJoli-184x300.png 184w\" sizes=\"auto, (max-width: 543px) 100vw, 543px\" \/><\/figure>\n\n\n\n<figure class=\"wp-block-image size-full\"><img loading=\"lazy\" decoding=\"async\" width=\"543\" height=\"887\" src=\"https:\/\/emc-mec.ca\/wp-content\/uploads\/2024\/10\/EMC_temoignage_christine_sthyacinthe.png\" alt=\"\" class=\"wp-image-3204\" srcset=\"https:\/\/emc-mec.ca\/wp-content\/uploads\/2024\/10\/EMC_temoignage_christine_sthyacinthe.png 543w, https:\/\/emc-mec.ca\/wp-content\/uploads\/2024\/10\/EMC_temoignage_christine_sthyacinthe-184x300.png 184w\" sizes=\"auto, (max-width: 543px) 100vw, 543px\" \/><\/figure>\n<\/div>\n\n\n\n<div style=\"height:25px\" aria-hidden=\"true\" class=\"wp-block-spacer\"><\/div>\n<\/div><\/div>\n\n\n\n<div class=\"wp-block-group has-background\" style=\"background-color:#272727;padding-right:0;padding-left:0\"><div class=\"wp-block-group__inner-container is-layout-constrained wp-container-core-group-is-layout-4e7da660 wp-block-group-is-layout-constrained\">\n<div class=\"wp-block-columns has-background is-layout-flex wp-container-core-columns-is-layout-a2373874 wp-block-columns-is-layout-flex\" style=\"background-color:#272727;padding-right:var(--wp--preset--spacing--superbspacing-small);padding-left:var(--wp--preset--spacing--superbspacing-small)\">\n<div class=\"wp-block-column is-layout-flow wp-block-column-is-layout-flow\">\n<h2 class=\"wp-block-heading has-white-color has-text-color has-link-color wp-elements-01242606a1891b6266bb3aa9e1c2d1a6\" id=\"concours\" style=\"font-size:30px\">Quelle est VOTRE raison de conduire \u00e9lectrique?<\/h2>\n\n\n\n<div style=\"height:15px\" aria-hidden=\"true\" class=\"wp-block-spacer\"><\/div>\n\n\n\n<p class=\"has-text-color has-link-color wp-elements-b7dbf4ab8a5abf7e61e3a7f01d56d2f8\" style=\"color:#b4b0a7;font-size:16px\">Partagez votre exp\u00e9rience de conduite \u00e9lectrique en r\u00e9gion et courez la chance de gagner un abonnement individuel MEC d&#8217;une valeur de 305$! <a href=\"https:\/\/emc-mec.ca\/wp-content\/uploads\/2025\/03\/Reglement-du-concours-Hiver-2025-Mis-a-jour.pdf\" target=\"_blank\" rel=\"noreferrer noopener\">Voir le r\u00e8glement complet<\/a>.<\/p>\n\n\n\n<div style=\"height:15px\" aria-hidden=\"true\" class=\"wp-block-spacer\"><\/div>\n\n\n\n<p class=\"has-text-color has-link-color wp-elements-1b8a3abfb1db47423406a7a6fa82fe95\" style=\"color:#b4b0a7;font-size:16px\"><strong>Pour participer<\/strong> : soumettez une photo de vous avec votre voiture \u00e9lectrique et un court texte sur votre exp\u00e9rience de conduite \u00e9lectrique en r\u00e9gion rurale. N\u2019oubliez pas de mentionner votre ville et votre province!<\/p>\n\n\n\n<div style=\"height:15px\" aria-hidden=\"true\" class=\"wp-block-spacer\"><\/div>\n\n\n\n<p class=\"has-text-color has-link-color wp-elements-36dd89f84b3ef659eb5f6077266e85ca\" style=\"color:#b4b0a7;font-size:16px\"><strong>Envoyez par courriel \u00e0 <\/strong><strong><a target=\"_blank\" rel=\"noreferrer noopener\" href=\"mailto:media@emc-mec.ca\">media@emc-mec.ca<\/a><\/strong><\/p>\n\n\n\n<div style=\"height:15px\" aria-hidden=\"true\" class=\"wp-block-spacer\"><\/div>\n\n\n\n<p class=\"has-text-color has-link-color wp-elements-6c9a460394919a4cef44333e00ca9905\" style=\"color:#b4b0a7;font-size:16px\">(Si votre courriel ne s&#8217;ouvre pas, copiez-collez cette adresse dans un nouveau message).<\/p>\n<\/div>\n<\/div>\n\n\n\n<figure class=\"wp-block-image size-full\"><img loading=\"lazy\" decoding=\"async\" width=\"3840\" height=\"1128\" src=\"https:\/\/emc-mec.ca\/wp-content\/uploads\/2025\/03\/07.-Insert-image-paysage-coniferes-1.png\" alt=\"\" class=\"wp-image-4811\" srcset=\"https:\/\/emc-mec.ca\/wp-content\/uploads\/2025\/03\/07.-Insert-image-paysage-coniferes-1.png 3840w, https:\/\/emc-mec.ca\/wp-content\/uploads\/2025\/03\/07.-Insert-image-paysage-coniferes-1-300x88.png 300w, https:\/\/emc-mec.ca\/wp-content\/uploads\/2025\/03\/07.-Insert-image-paysage-coniferes-1-1024x301.png 1024w, https:\/\/emc-mec.ca\/wp-content\/uploads\/2025\/03\/07.-Insert-image-paysage-coniferes-1-768x226.png 768w, https:\/\/emc-mec.ca\/wp-content\/uploads\/2025\/03\/07.-Insert-image-paysage-coniferes-1-1536x451.png 1536w, https:\/\/emc-mec.ca\/wp-content\/uploads\/2025\/03\/07.-Insert-image-paysage-coniferes-1-2048x602.png 2048w\" sizes=\"auto, (max-width: 3840px) 100vw, 3840px\" \/><\/figure>\n\n\n\n<div style=\"height:25px\" aria-hidden=\"true\" class=\"wp-block-spacer\"><\/div>\n\n\n\n<div class=\"wp-block-columns is-layout-flex wp-container-core-columns-is-layout-0dbed96f wp-block-columns-is-layout-flex\" style=\"padding-top:var(--wp--preset--spacing--superbspacing-small);padding-right:var(--wp--preset--spacing--superbspacing-small);padding-bottom:var(--wp--preset--spacing--superbspacing-small);padding-left:var(--wp--preset--spacing--superbspacing-small)\">\n<div class=\"wp-block-column is-layout-flow wp-block-column-is-layout-flow\">\n<figure class=\"wp-block-embed is-type-video is-provider-youtube wp-block-embed-youtube wp-embed-aspect-16-9 wp-has-aspect-ratio\"><div class=\"wp-block-embed__wrapper\">\n<iframe loading=\"lazy\" title=\"Les casseurs des mythes - EP. 1 : L&#039;inventaire de v\u00e9hicules \u00e9lectriques ramasse la poussi\u00e8re?\" width=\"640\" height=\"360\" src=\"https:\/\/www.youtube.com\/embed\/8UXwqzLFwl8?feature=oembed&#038;enablejsapi=1&#038;origin=https:\/\/emc-mec.ca\" frameborder=\"0\" allow=\"accelerometer; autoplay; clipboard-write; encrypted-media; gyroscope; picture-in-picture; web-share\" referrerpolicy=\"strict-origin-when-cross-origin\" allowfullscreen><\/iframe>\n<\/div><\/figure>\n<\/div>\n\n\n\n<div class=\"wp-block-column is-layout-flow wp-block-column-is-layout-flow\">\n<h2 class=\"wp-block-heading has-text-color has-link-color wp-elements-1bb8eb4a85c26fa490728710386f3fd2\" style=\"color:#b4b0a7;font-size:30px\">Les v\u00e9hicules \u00e9lectriques : qu&#8217;en pensent les concessionnaires?<\/h2>\n<\/div>\n<\/div>\n<\/div><\/div>\n","protected":false},"excerpt":{"rendered":"<p>L&#8217;\u00e9lectrique, con\u00e7u pour le quotidien en r\u00e9gion rurale Que vous soyez un agriculteur, un amateur de plein air ou un parent toujours en mouvement, l&#8217;\u00e9lectrique [&hellip;]<\/p>\n","protected":false},"author":5,"featured_media":0,"parent":0,"menu_order":0,"comment_status":"closed","ping_status":"closed","template":"","meta":{"_acf_changed":false,"_monsterinsights_skip_tracking":false,"_monsterinsights_sitenote_active":false,"_monsterinsights_sitenote_note":"","_monsterinsights_sitenote_category":0,"footnotes":""},"class_list":["post-3194","page","type-page","status-publish","hentry"],"acf":[],"yoast_head":"<!-- This site is optimized with the Yoast SEO plugin v27.3 - https:\/\/yoast.com\/product\/yoast-seo-wordpress\/ -->\n<title>En r\u00e9gion rurale, on conduit \u00e9lectrique - Mobilit\u00e9 Electrique Canada<\/title>\n<meta name=\"robots\" content=\"index, follow, max-snippet:-1, max-image-preview:large, max-video-preview:-1\" \/>\n<link rel=\"canonical\" href=\"https:\/\/emc-mec.ca\/fr\/en-region-on-conduit-electrique\/\" \/>\n<meta property=\"og:locale\" content=\"fr_FR\" \/>\n<meta property=\"og:type\" content=\"article\" \/>\n<meta property=\"og:title\" content=\"En r\u00e9gion rurale, on conduit \u00e9lectrique - Mobilit\u00e9 Electrique Canada\" \/>\n<meta property=\"og:description\" content=\"L&#8217;\u00e9lectrique, con\u00e7u pour le quotidien en r\u00e9gion rurale Que vous soyez un agriculteur, un amateur de plein air ou un parent toujours en mouvement, l&#8217;\u00e9lectrique [&hellip;]\" \/>\n<meta property=\"og:url\" content=\"https:\/\/emc-mec.ca\/fr\/en-region-on-conduit-electrique\/\" \/>\n<meta property=\"og:site_name\" content=\"Mobilit\u00e9 Electrique Canada\" \/>\n<meta property=\"article:modified_time\" content=\"2025-03-19T14:46:11+00:00\" \/>\n<meta property=\"og:image\" content=\"https:\/\/emc-mec.ca\/wp-content\/uploads\/2025\/03\/01.-Header-FR-1024x486.png\" \/>\n\t<meta property=\"og:image:width\" content=\"1024\" \/>\n\t<meta property=\"og:image:height\" content=\"486\" \/>\n\t<meta property=\"og:image:type\" content=\"image\/png\" \/>\n<meta name=\"twitter:card\" content=\"summary_large_image\" \/>\n<meta name=\"twitter:label1\" content=\"Dur\u00e9e de lecture estim\u00e9e\" \/>\n\t<meta name=\"twitter:data1\" content=\"3 minutes\" \/>\n<script type=\"application\/ld+json\" class=\"yoast-schema-graph\">{\"@context\":\"https:\\\/\\\/schema.org\",\"@graph\":[{\"@type\":\"WebPage\",\"@id\":\"https:\\\/\\\/emc-mec.ca\\\/fr\\\/en-region-on-conduit-electrique\\\/\",\"url\":\"https:\\\/\\\/emc-mec.ca\\\/fr\\\/en-region-on-conduit-electrique\\\/\",\"name\":\"En r\u00e9gion rurale, on conduit \u00e9lectrique - Mobilit\u00e9 Electrique Canada\",\"isPartOf\":{\"@id\":\"https:\\\/\\\/emc-mec.ca\\\/#website\"},\"primaryImageOfPage\":{\"@id\":\"https:\\\/\\\/emc-mec.ca\\\/fr\\\/en-region-on-conduit-electrique\\\/#primaryimage\"},\"image\":{\"@id\":\"https:\\\/\\\/emc-mec.ca\\\/fr\\\/en-region-on-conduit-electrique\\\/#primaryimage\"},\"thumbnailUrl\":\"https:\\\/\\\/emc-mec.ca\\\/wp-content\\\/uploads\\\/2025\\\/03\\\/01.-Header-FR.png\",\"datePublished\":\"2024-10-16T14:20:58+00:00\",\"dateModified\":\"2025-03-19T14:46:11+00:00\",\"inLanguage\":\"fr-FR\",\"potentialAction\":[{\"@type\":\"ReadAction\",\"target\":[\"https:\\\/\\\/emc-mec.ca\\\/fr\\\/en-region-on-conduit-electrique\\\/\"]}]},{\"@type\":\"ImageObject\",\"inLanguage\":\"fr-FR\",\"@id\":\"https:\\\/\\\/emc-mec.ca\\\/fr\\\/en-region-on-conduit-electrique\\\/#primaryimage\",\"url\":\"https:\\\/\\\/emc-mec.ca\\\/wp-content\\\/uploads\\\/2025\\\/03\\\/01.-Header-FR.png\",\"contentUrl\":\"https:\\\/\\\/emc-mec.ca\\\/wp-content\\\/uploads\\\/2025\\\/03\\\/01.-Header-FR.png\"},{\"@type\":\"WebSite\",\"@id\":\"https:\\\/\\\/emc-mec.ca\\\/#website\",\"url\":\"https:\\\/\\\/emc-mec.ca\\\/\",\"name\":\"Mobilit\u00e9 Electrique Canada\",\"description\":\"Acc\u00e9l\u00e9rer l&#039;\u00e9lectrification des transports\",\"potentialAction\":[{\"@type\":\"SearchAction\",\"target\":{\"@type\":\"EntryPoint\",\"urlTemplate\":\"https:\\\/\\\/emc-mec.ca\\\/?s={search_term_string}\"},\"query-input\":{\"@type\":\"PropertyValueSpecification\",\"valueRequired\":true,\"valueName\":\"search_term_string\"}}],\"inLanguage\":\"fr-FR\"}]}<\/script>\n<!-- \/ Yoast SEO plugin. -->","yoast_head_json":{"title":"En r\u00e9gion rurale, on conduit \u00e9lectrique - Mobilit\u00e9 Electrique Canada","robots":{"index":"index","follow":"follow","max-snippet":"max-snippet:-1","max-image-preview":"max-image-preview:large","max-video-preview":"max-video-preview:-1"},"canonical":"https:\/\/emc-mec.ca\/fr\/en-region-on-conduit-electrique\/","og_locale":"fr_FR","og_type":"article","og_title":"En r\u00e9gion rurale, on conduit \u00e9lectrique - Mobilit\u00e9 Electrique Canada","og_description":"L&#8217;\u00e9lectrique, con\u00e7u pour le quotidien en r\u00e9gion rurale Que vous soyez un agriculteur, un amateur de plein air ou un parent toujours en mouvement, l&#8217;\u00e9lectrique [&hellip;]","og_url":"https:\/\/emc-mec.ca\/fr\/en-region-on-conduit-electrique\/","og_site_name":"Mobilit\u00e9 Electrique Canada","article_modified_time":"2025-03-19T14:46:11+00:00","og_image":[{"width":1024,"height":486,"url":"https:\/\/emc-mec.ca\/wp-content\/uploads\/2025\/03\/01.-Header-FR-1024x486.png","type":"image\/png"}],"twitter_card":"summary_large_image","twitter_misc":{"Dur\u00e9e de lecture estim\u00e9e":"3 minutes"},"schema":{"@context":"https:\/\/schema.org","@graph":[{"@type":"WebPage","@id":"https:\/\/emc-mec.ca\/fr\/en-region-on-conduit-electrique\/","url":"https:\/\/emc-mec.ca\/fr\/en-region-on-conduit-electrique\/","name":"En r\u00e9gion rurale, on conduit \u00e9lectrique - Mobilit\u00e9 Electrique Canada","isPartOf":{"@id":"https:\/\/emc-mec.ca\/#website"},"primaryImageOfPage":{"@id":"https:\/\/emc-mec.ca\/fr\/en-region-on-conduit-electrique\/#primaryimage"},"image":{"@id":"https:\/\/emc-mec.ca\/fr\/en-region-on-conduit-electrique\/#primaryimage"},"thumbnailUrl":"https:\/\/emc-mec.ca\/wp-content\/uploads\/2025\/03\/01.-Header-FR.png","datePublished":"2024-10-16T14:20:58+00:00","dateModified":"2025-03-19T14:46:11+00:00","inLanguage":"fr-FR","potentialAction":[{"@type":"ReadAction","target":["https:\/\/emc-mec.ca\/fr\/en-region-on-conduit-electrique\/"]}]},{"@type":"ImageObject","inLanguage":"fr-FR","@id":"https:\/\/emc-mec.ca\/fr\/en-region-on-conduit-electrique\/#primaryimage","url":"https:\/\/emc-mec.ca\/wp-content\/uploads\/2025\/03\/01.-Header-FR.png","contentUrl":"https:\/\/emc-mec.ca\/wp-content\/uploads\/2025\/03\/01.-Header-FR.png"},{"@type":"WebSite","@id":"https:\/\/emc-mec.ca\/#website","url":"https:\/\/emc-mec.ca\/","name":"Mobilit\u00e9 Electrique Canada","description":"Acc\u00e9l\u00e9rer l&#039;\u00e9lectrification des transports","potentialAction":[{"@type":"SearchAction","target":{"@type":"EntryPoint","urlTemplate":"https:\/\/emc-mec.ca\/?s={search_term_string}"},"query-input":{"@type":"PropertyValueSpecification","valueRequired":true,"valueName":"search_term_string"}}],"inLanguage":"fr-FR"}]}},"_links":{"self":[{"href":"https:\/\/emc-mec.ca\/fr\/wp-json\/wp\/v2\/pages\/3194","targetHints":{"allow":["GET"]}}],"collection":[{"href":"https:\/\/emc-mec.ca\/fr\/wp-json\/wp\/v2\/pages"}],"about":[{"href":"https:\/\/emc-mec.ca\/fr\/wp-json\/wp\/v2\/types\/page"}],"author":[{"embeddable":true,"href":"https:\/\/emc-mec.ca\/fr\/wp-json\/wp\/v2\/users\/5"}],"replies":[{"embeddable":true,"href":"https:\/\/emc-mec.ca\/fr\/wp-json\/wp\/v2\/comments?post=3194"}],"version-history":[{"count":97,"href":"https:\/\/emc-mec.ca\/fr\/wp-json\/wp\/v2\/pages\/3194\/revisions"}],"predecessor-version":[{"id":4821,"href":"https:\/\/emc-mec.ca\/fr\/wp-json\/wp\/v2\/pages\/3194\/revisions\/4821"}],"wp:attachment":[{"href":"https:\/\/emc-mec.ca\/fr\/wp-json\/wp\/v2\/media?parent=3194"}],"curies":[{"name":"wp","href":"https:\/\/api.w.org\/{rel}","templated":true}]}}