{"id":2757,"date":"2024-03-26T10:53:24","date_gmt":"2024-03-26T14:53:24","guid":{"rendered":"https:\/\/emc-mec.ca\/fil-de-presse\/news-submission\/"},"modified":"2024-03-26T12:41:02","modified_gmt":"2024-03-26T16:41:02","slug":"soumission-de-nouvelles","status":"publish","type":"page","link":"https:\/\/emc-mec.ca\/fr\/fil-de-presse\/soumission-de-nouvelles\/","title":{"rendered":"Soumission de nouvelles"},"content":{"rendered":"","protected":false},"excerpt":{"rendered":"","protected":false},"author":1,"featured_media":0,"parent":1533,"menu_order":0,"comment_status":"closed","ping_status":"closed","template":"page-flexible.php","meta":{"_acf_changed":false,"_monsterinsights_skip_tracking":false,"_monsterinsights_sitenote_active":false,"_monsterinsights_sitenote_note":"","_monsterinsights_sitenote_category":0,"footnotes":""},"class_list":["post-2757","page","type-page","status-publish","hentry"],"acf":[],"yoast_head":"<!-- This site is optimized with the Yoast SEO plugin v27.4 - https:\/\/yoast.com\/product\/yoast-seo-wordpress\/ -->\n<title>Soumission de nouvelles - Mobilit\u00e9 Electrique Canada<\/title>\n<meta name=\"robots\" content=\"index, follow, max-snippet:-1, max-image-preview:large, max-video-preview:-1\" \/>\n<link rel=\"canonical\" href=\"https:\/\/emc-mec.ca\/fr\/fil-de-presse\/soumission-de-nouvelles\/\" \/>\n<meta property=\"og:locale\" content=\"fr_FR\" \/>\n<meta property=\"og:type\" content=\"article\" \/>\n<meta property=\"og:title\" content=\"Soumission de nouvelles - Mobilit\u00e9 Electrique Canada\" \/>\n<meta property=\"og:url\" content=\"https:\/\/emc-mec.ca\/fr\/fil-de-presse\/soumission-de-nouvelles\/\" \/>\n<meta property=\"og:site_name\" content=\"Mobilit\u00e9 Electrique Canada\" \/>\n<meta property=\"article:modified_time\" content=\"2024-03-26T16:41:02+00:00\" \/>\n<meta name=\"twitter:card\" content=\"summary_large_image\" \/>\n<script type=\"application\/ld+json\" class=\"yoast-schema-graph\">{\"@context\":\"https:\\\/\\\/schema.org\",\"@graph\":[{\"@type\":\"WebPage\",\"@id\":\"https:\\\/\\\/emc-mec.ca\\\/fr\\\/fil-de-presse\\\/soumission-de-nouvelles\\\/\",\"url\":\"https:\\\/\\\/emc-mec.ca\\\/fr\\\/fil-de-presse\\\/soumission-de-nouvelles\\\/\",\"name\":\"Soumission de nouvelles - Mobilit\u00e9 Electrique Canada\",\"isPartOf\":{\"@id\":\"https:\\\/\\\/emc-mec.ca\\\/#website\"},\"datePublished\":\"2024-03-26T14:53:24+00:00\",\"dateModified\":\"2024-03-26T16:41:02+00:00\",\"breadcrumb\":{\"@id\":\"https:\\\/\\\/emc-mec.ca\\\/fr\\\/fil-de-presse\\\/soumission-de-nouvelles\\\/#breadcrumb\"},\"inLanguage\":\"fr-FR\",\"potentialAction\":[{\"@type\":\"ReadAction\",\"target\":[\"https:\\\/\\\/emc-mec.ca\\\/fr\\\/fil-de-presse\\\/soumission-de-nouvelles\\\/\"]}]},{\"@type\":\"BreadcrumbList\",\"@id\":\"https:\\\/\\\/emc-mec.ca\\\/fr\\\/fil-de-presse\\\/soumission-de-nouvelles\\\/#breadcrumb\",\"itemListElement\":[{\"@type\":\"ListItem\",\"position\":1,\"name\":\"Home\",\"item\":\"https:\\\/\\\/emc-mec.ca\\\/fr\\\/\"},{\"@type\":\"ListItem\",\"position\":2,\"name\":\"Nouvelles\",\"item\":\"https:\\\/\\\/emc-mec.ca\\\/fr\\\/fil-de-presse\\\/\"},{\"@type\":\"ListItem\",\"position\":3,\"name\":\"Soumission de nouvelles\"}]},{\"@type\":\"WebSite\",\"@id\":\"https:\\\/\\\/emc-mec.ca\\\/#website\",\"url\":\"https:\\\/\\\/emc-mec.ca\\\/\",\"name\":\"Mobilit\u00e9 Electrique Canada\",\"description\":\"Acc\u00e9l\u00e9rer l&#039;\u00e9lectrification des transports\",\"potentialAction\":[{\"@type\":\"SearchAction\",\"target\":{\"@type\":\"EntryPoint\",\"urlTemplate\":\"https:\\\/\\\/emc-mec.ca\\\/?s={search_term_string}\"},\"query-input\":{\"@type\":\"PropertyValueSpecification\",\"valueRequired\":true,\"valueName\":\"search_term_string\"}}],\"inLanguage\":\"fr-FR\"}]}<\/script>\n<!-- \/ Yoast SEO plugin. -->","yoast_head_json":{"title":"Soumission de nouvelles - Mobilit\u00e9 Electrique Canada","robots":{"index":"index","follow":"follow","max-snippet":"max-snippet:-1","max-image-preview":"max-image-preview:large","max-video-preview":"max-video-preview:-1"},"canonical":"https:\/\/emc-mec.ca\/fr\/fil-de-presse\/soumission-de-nouvelles\/","og_locale":"fr_FR","og_type":"article","og_title":"Soumission de nouvelles - Mobilit\u00e9 Electrique Canada","og_url":"https:\/\/emc-mec.ca\/fr\/fil-de-presse\/soumission-de-nouvelles\/","og_site_name":"Mobilit\u00e9 Electrique Canada","article_modified_time":"2024-03-26T16:41:02+00:00","twitter_card":"summary_large_image","schema":{"@context":"https:\/\/schema.org","@graph":[{"@type":"WebPage","@id":"https:\/\/emc-mec.ca\/fr\/fil-de-presse\/soumission-de-nouvelles\/","url":"https:\/\/emc-mec.ca\/fr\/fil-de-presse\/soumission-de-nouvelles\/","name":"Soumission de nouvelles - Mobilit\u00e9 Electrique Canada","isPartOf":{"@id":"https:\/\/emc-mec.ca\/#website"},"datePublished":"2024-03-26T14:53:24+00:00","dateModified":"2024-03-26T16:41:02+00:00","breadcrumb":{"@id":"https:\/\/emc-mec.ca\/fr\/fil-de-presse\/soumission-de-nouvelles\/#breadcrumb"},"inLanguage":"fr-FR","potentialAction":[{"@type":"ReadAction","target":["https:\/\/emc-mec.ca\/fr\/fil-de-presse\/soumission-de-nouvelles\/"]}]},{"@type":"BreadcrumbList","@id":"https:\/\/emc-mec.ca\/fr\/fil-de-presse\/soumission-de-nouvelles\/#breadcrumb","itemListElement":[{"@type":"ListItem","position":1,"name":"Home","item":"https:\/\/emc-mec.ca\/fr\/"},{"@type":"ListItem","position":2,"name":"Nouvelles","item":"https:\/\/emc-mec.ca\/fr\/fil-de-presse\/"},{"@type":"ListItem","position":3,"name":"Soumission de nouvelles"}]},{"@type":"WebSite","@id":"https:\/\/emc-mec.ca\/#website","url":"https:\/\/emc-mec.ca\/","name":"Mobilit\u00e9 Electrique Canada","description":"Acc\u00e9l\u00e9rer l&#039;\u00e9lectrification des transports","potentialAction":[{"@type":"SearchAction","target":{"@type":"EntryPoint","urlTemplate":"https:\/\/emc-mec.ca\/?s={search_term_string}"},"query-input":{"@type":"PropertyValueSpecification","valueRequired":true,"valueName":"search_term_string"}}],"inLanguage":"fr-FR"}]}},"_links":{"self":[{"href":"https:\/\/emc-mec.ca\/fr\/wp-json\/wp\/v2\/pages\/2757","targetHints":{"allow":["GET"]}}],"collection":[{"href":"https:\/\/emc-mec.ca\/fr\/wp-json\/wp\/v2\/pages"}],"about":[{"href":"https:\/\/emc-mec.ca\/fr\/wp-json\/wp\/v2\/types\/page"}],"author":[{"embeddable":true,"href":"https:\/\/emc-mec.ca\/fr\/wp-json\/wp\/v2\/users\/1"}],"replies":[{"embeddable":true,"href":"https:\/\/emc-mec.ca\/fr\/wp-json\/wp\/v2\/comments?post=2757"}],"version-history":[{"count":4,"href":"https:\/\/emc-mec.ca\/fr\/wp-json\/wp\/v2\/pages\/2757\/revisions"}],"predecessor-version":[{"id":2761,"href":"https:\/\/emc-mec.ca\/fr\/wp-json\/wp\/v2\/pages\/2757\/revisions\/2761"}],"up":[{"embeddable":true,"href":"https:\/\/emc-mec.ca\/fr\/wp-json\/wp\/v2\/pages\/1533"}],"wp:attachment":[{"href":"https:\/\/emc-mec.ca\/fr\/wp-json\/wp\/v2\/media?parent=2757"}],"curies":[{"name":"wp","href":"https:\/\/api.w.org\/{rel}","templated":true}]}}