{"id":2434,"date":"2023-11-13T10:34:07","date_gmt":"2023-11-13T15:34:07","guid":{"rendered":"https:\/\/emc-mec.ca\/?page_id=2434"},"modified":"2023-11-13T11:48:20","modified_gmt":"2023-11-13T16:48:20","slug":"salle-des-nouvelles","status":"publish","type":"page","link":"https:\/\/emc-mec.ca\/fr\/salle-des-nouvelles\/","title":{"rendered":"Salle des nouvelles"},"content":{"rendered":"<p class=\"hero__title\"><a href=\"https:\/\/emc-mec.ca\/fr\/about-us\/\" target=\"_blank\" rel=\"noopener\">\u00c0 propos Mobilit\u00e9 \u00c9lectrique Canada<\/a><\/p>\n<p><a href=\"https:\/\/emc-mec.ca\/fr\/fil-de-presse\/emc-publications\/\" target=\"_blank\" rel=\"noopener\">Publications de Mobilit\u00e9 \u00c9lectrique Canada<\/a><\/p>\n<p><a href=\"https:\/\/emc-mec.ca\/fr\/fil-de-presse\/?news-post-category=emc-news-release-fr\" target=\"_blank\" rel=\"noopener\">Communiqu\u00e9s de presse<\/a><\/p>\n<p><strong>Contact m\u00e9dia<\/strong><br \/>\nAnna Schuett, Directrice des communications<br \/>\n(514) 787-2757<br \/>\n<a href=\"mailto:anna.schuett@emc-mec.ca\">Courriel<\/a><\/p>\n","protected":false},"excerpt":{"rendered":"<p>\u00c0 propos Mobilit\u00e9 \u00c9lectrique Canada Publications de Mobilit\u00e9 \u00c9lectrique Canada Communiqu\u00e9s de presse Contact m\u00e9dia Anna Schuett, Directrice des communications (514) 787-2757 Courriel<\/p>\n","protected":false},"author":4,"featured_media":0,"parent":0,"menu_order":0,"comment_status":"closed","ping_status":"closed","template":"","meta":{"_acf_changed":false,"_monsterinsights_skip_tracking":false,"_monsterinsights_sitenote_active":false,"_monsterinsights_sitenote_note":"","_monsterinsights_sitenote_category":0,"footnotes":""},"class_list":["post-2434","page","type-page","status-publish","hentry"],"acf":[],"yoast_head":"<!-- This site is optimized with the Yoast SEO plugin v27.4 - https:\/\/yoast.com\/product\/yoast-seo-wordpress\/ -->\n<title>Salle des nouvelles - Mobilit\u00e9 Electrique Canada<\/title>\n<meta name=\"robots\" content=\"index, follow, max-snippet:-1, max-image-preview:large, max-video-preview:-1\" \/>\n<link rel=\"canonical\" href=\"https:\/\/emc-mec.ca\/fr\/salle-des-nouvelles\/\" \/>\n<meta property=\"og:locale\" content=\"fr_FR\" \/>\n<meta property=\"og:type\" content=\"article\" \/>\n<meta property=\"og:title\" content=\"Salle des nouvelles - Mobilit\u00e9 Electrique Canada\" \/>\n<meta property=\"og:description\" content=\"\u00c0 propos Mobilit\u00e9 \u00c9lectrique Canada Publications de Mobilit\u00e9 \u00c9lectrique Canada Communiqu\u00e9s de presse Contact m\u00e9dia Anna Schuett, Directrice des communications (514) 787-2757 Courriel\" \/>\n<meta property=\"og:url\" content=\"https:\/\/emc-mec.ca\/fr\/salle-des-nouvelles\/\" \/>\n<meta property=\"og:site_name\" content=\"Mobilit\u00e9 Electrique Canada\" \/>\n<meta property=\"article:modified_time\" content=\"2023-11-13T16:48:20+00:00\" \/>\n<meta name=\"twitter:card\" content=\"summary_large_image\" \/>\n<meta name=\"twitter:label1\" content=\"Dur\u00e9e de lecture estim\u00e9e\" \/>\n\t<meta name=\"twitter:data1\" content=\"1 minute\" \/>\n<script type=\"application\/ld+json\" class=\"yoast-schema-graph\">{\"@context\":\"https:\\\/\\\/schema.org\",\"@graph\":[{\"@type\":\"WebPage\",\"@id\":\"https:\\\/\\\/emc-mec.ca\\\/fr\\\/salle-des-nouvelles\\\/\",\"url\":\"https:\\\/\\\/emc-mec.ca\\\/fr\\\/salle-des-nouvelles\\\/\",\"name\":\"Salle des nouvelles - Mobilit\u00e9 Electrique Canada\",\"isPartOf\":{\"@id\":\"https:\\\/\\\/emc-mec.ca\\\/#website\"},\"datePublished\":\"2023-11-13T15:34:07+00:00\",\"dateModified\":\"2023-11-13T16:48:20+00:00\",\"breadcrumb\":{\"@id\":\"https:\\\/\\\/emc-mec.ca\\\/fr\\\/salle-des-nouvelles\\\/#breadcrumb\"},\"inLanguage\":\"fr-FR\",\"potentialAction\":[{\"@type\":\"ReadAction\",\"target\":[\"https:\\\/\\\/emc-mec.ca\\\/fr\\\/salle-des-nouvelles\\\/\"]}]},{\"@type\":\"BreadcrumbList\",\"@id\":\"https:\\\/\\\/emc-mec.ca\\\/fr\\\/salle-des-nouvelles\\\/#breadcrumb\",\"itemListElement\":[{\"@type\":\"ListItem\",\"position\":1,\"name\":\"Home\",\"item\":\"https:\\\/\\\/emc-mec.ca\\\/fr\\\/\"},{\"@type\":\"ListItem\",\"position\":2,\"name\":\"Salle des nouvelles\"}]},{\"@type\":\"WebSite\",\"@id\":\"https:\\\/\\\/emc-mec.ca\\\/#website\",\"url\":\"https:\\\/\\\/emc-mec.ca\\\/\",\"name\":\"Mobilit\u00e9 Electrique Canada\",\"description\":\"Acc\u00e9l\u00e9rer l&#039;\u00e9lectrification des transports\",\"potentialAction\":[{\"@type\":\"SearchAction\",\"target\":{\"@type\":\"EntryPoint\",\"urlTemplate\":\"https:\\\/\\\/emc-mec.ca\\\/?s={search_term_string}\"},\"query-input\":{\"@type\":\"PropertyValueSpecification\",\"valueRequired\":true,\"valueName\":\"search_term_string\"}}],\"inLanguage\":\"fr-FR\"}]}<\/script>\n<!-- \/ Yoast SEO plugin. -->","yoast_head_json":{"title":"Salle des nouvelles - Mobilit\u00e9 Electrique Canada","robots":{"index":"index","follow":"follow","max-snippet":"max-snippet:-1","max-image-preview":"max-image-preview:large","max-video-preview":"max-video-preview:-1"},"canonical":"https:\/\/emc-mec.ca\/fr\/salle-des-nouvelles\/","og_locale":"fr_FR","og_type":"article","og_title":"Salle des nouvelles - Mobilit\u00e9 Electrique Canada","og_description":"\u00c0 propos Mobilit\u00e9 \u00c9lectrique Canada Publications de Mobilit\u00e9 \u00c9lectrique Canada Communiqu\u00e9s de presse Contact m\u00e9dia Anna Schuett, Directrice des communications (514) 787-2757 Courriel","og_url":"https:\/\/emc-mec.ca\/fr\/salle-des-nouvelles\/","og_site_name":"Mobilit\u00e9 Electrique Canada","article_modified_time":"2023-11-13T16:48:20+00:00","twitter_card":"summary_large_image","twitter_misc":{"Dur\u00e9e de lecture estim\u00e9e":"1 minute"},"schema":{"@context":"https:\/\/schema.org","@graph":[{"@type":"WebPage","@id":"https:\/\/emc-mec.ca\/fr\/salle-des-nouvelles\/","url":"https:\/\/emc-mec.ca\/fr\/salle-des-nouvelles\/","name":"Salle des nouvelles - Mobilit\u00e9 Electrique Canada","isPartOf":{"@id":"https:\/\/emc-mec.ca\/#website"},"datePublished":"2023-11-13T15:34:07+00:00","dateModified":"2023-11-13T16:48:20+00:00","breadcrumb":{"@id":"https:\/\/emc-mec.ca\/fr\/salle-des-nouvelles\/#breadcrumb"},"inLanguage":"fr-FR","potentialAction":[{"@type":"ReadAction","target":["https:\/\/emc-mec.ca\/fr\/salle-des-nouvelles\/"]}]},{"@type":"BreadcrumbList","@id":"https:\/\/emc-mec.ca\/fr\/salle-des-nouvelles\/#breadcrumb","itemListElement":[{"@type":"ListItem","position":1,"name":"Home","item":"https:\/\/emc-mec.ca\/fr\/"},{"@type":"ListItem","position":2,"name":"Salle des nouvelles"}]},{"@type":"WebSite","@id":"https:\/\/emc-mec.ca\/#website","url":"https:\/\/emc-mec.ca\/","name":"Mobilit\u00e9 Electrique Canada","description":"Acc\u00e9l\u00e9rer l&#039;\u00e9lectrification des transports","potentialAction":[{"@type":"SearchAction","target":{"@type":"EntryPoint","urlTemplate":"https:\/\/emc-mec.ca\/?s={search_term_string}"},"query-input":{"@type":"PropertyValueSpecification","valueRequired":true,"valueName":"search_term_string"}}],"inLanguage":"fr-FR"}]}},"_links":{"self":[{"href":"https:\/\/emc-mec.ca\/fr\/wp-json\/wp\/v2\/pages\/2434","targetHints":{"allow":["GET"]}}],"collection":[{"href":"https:\/\/emc-mec.ca\/fr\/wp-json\/wp\/v2\/pages"}],"about":[{"href":"https:\/\/emc-mec.ca\/fr\/wp-json\/wp\/v2\/types\/page"}],"author":[{"embeddable":true,"href":"https:\/\/emc-mec.ca\/fr\/wp-json\/wp\/v2\/users\/4"}],"replies":[{"embeddable":true,"href":"https:\/\/emc-mec.ca\/fr\/wp-json\/wp\/v2\/comments?post=2434"}],"version-history":[{"count":1,"href":"https:\/\/emc-mec.ca\/fr\/wp-json\/wp\/v2\/pages\/2434\/revisions"}],"predecessor-version":[{"id":2435,"href":"https:\/\/emc-mec.ca\/fr\/wp-json\/wp\/v2\/pages\/2434\/revisions\/2435"}],"wp:attachment":[{"href":"https:\/\/emc-mec.ca\/fr\/wp-json\/wp\/v2\/media?parent=2434"}],"curies":[{"name":"wp","href":"https:\/\/api.w.org\/{rel}","templated":true}]}}