{"id":1550,"date":"2022-09-06T15:32:02","date_gmt":"2022-09-06T19:32:02","guid":{"rendered":"https:\/\/emc2022.isunderconstruction.com\/?page_id=1550"},"modified":"2023-05-10T13:27:51","modified_gmt":"2023-05-10T17:27:51","slug":"politique-de-confidentialite","status":"publish","type":"page","link":"https:\/\/emc-mec.ca\/fr\/politique-de-confidentialite\/","title":{"rendered":"Politique de confidentialit\u00e9"},"content":{"rendered":"<p>Ce site Web est la propri\u00e9t\u00e9 de Mobilit\u00e9 \u00e9lectrique Canada (M\u00c9C)<\/p>\n<p>Notre adresse postale :<br \/>\n38, place du Commerce, 11-530<br \/>\n\u00cele-des-S\u0153urs (Qu\u00e9bec) H3E 1T8<br \/>\nCanada<\/p>\n<p>Vous pouvez nous joindre par courriel, \u00e0 info@emc-mec.ca ou par t\u00e9l\u00e9phone, au 514.961.0553.<\/p>\n<p>M\u00c9C accorde une grande importance \u00e0 la protection de la vie priv\u00e9e des visiteurs du site et la respecte en tout temps.<\/p>\n<p>M\u00c9C ne recueille pas d&#8217;informations sur les visiteurs du site, sauf si les visiteurs les fournissent volontairement et consentent \u00e0 cette collecte.<\/p>\n<p>M\u00c9C se r\u00e9serve toutefois le droit de recueillir des donn\u00e9es sur le trafic Internet du site Web de M\u00c9C et de proc\u00e9der \u00e0 des analyses statistiques de ce trafic \u00e0 des fins d&#8217;utilisation interne. Toutefois, les informations recueillies ne permettent pas \u00e0 M\u00c9C d&#8217;identifier une personne ou de cibler quelque information personnelle que ce soit \u00e0 propos des visiteurs du site.<\/p>\n<p>De plus, M\u00c9C ne vend pas, ne loue pas et ne pr\u00eate pas \u00e0 des tiers les informations recueillies et analys\u00e9es.<\/p>\n","protected":false},"excerpt":{"rendered":"<p>Ce site Web est la propri\u00e9t\u00e9 de Mobilit\u00e9 \u00e9lectrique Canada (M\u00c9C) Notre adresse postale : 38, place du Commerce, 11-530 \u00cele-des-S\u0153urs (Qu\u00e9bec) H3E 1T8 Canada [&hellip;]<\/p>\n","protected":false},"author":1,"featured_media":0,"parent":0,"menu_order":0,"comment_status":"closed","ping_status":"closed","template":"","meta":{"_acf_changed":false,"_monsterinsights_skip_tracking":false,"_monsterinsights_sitenote_active":false,"_monsterinsights_sitenote_note":"","_monsterinsights_sitenote_category":0,"footnotes":""},"class_list":["post-1550","page","type-page","status-publish","hentry"],"acf":[],"yoast_head":"<!-- This site is optimized with the Yoast SEO plugin v27.3 - https:\/\/yoast.com\/product\/yoast-seo-wordpress\/ -->\n<title>Politique de confidentialit\u00e9 - Mobilit\u00e9 Electrique Canada<\/title>\n<meta name=\"description\" content=\"Ce site Web est la propri\u00e9t\u00e9 de Mobilit\u00e9 \u00e9lectrique Canada (M\u00c9C) et M\u00c9C accorde une grande importance \u00e0 la protection de la vie priv\u00e9e des visiteurs du site et la respecte en tout temps.\" \/>\n<meta name=\"robots\" content=\"index, follow, max-snippet:-1, max-image-preview:large, max-video-preview:-1\" \/>\n<link rel=\"canonical\" href=\"https:\/\/emc-mec.ca\/fr\/politique-de-confidentialite\/\" \/>\n<meta property=\"og:locale\" content=\"fr_FR\" \/>\n<meta property=\"og:type\" content=\"article\" \/>\n<meta property=\"og:title\" content=\"Politique de confidentialit\u00e9 - Mobilit\u00e9 Electrique Canada\" \/>\n<meta property=\"og:description\" content=\"Ce site Web est la propri\u00e9t\u00e9 de Mobilit\u00e9 \u00e9lectrique Canada (M\u00c9C) et M\u00c9C accorde une grande importance \u00e0 la protection de la vie priv\u00e9e des visiteurs du site et la respecte en tout temps.\" \/>\n<meta property=\"og:url\" content=\"https:\/\/emc-mec.ca\/fr\/politique-de-confidentialite\/\" \/>\n<meta property=\"og:site_name\" content=\"Mobilit\u00e9 Electrique Canada\" \/>\n<meta property=\"article:modified_time\" content=\"2023-05-10T17:27:51+00:00\" \/>\n<meta name=\"twitter:card\" content=\"summary_large_image\" \/>\n<meta name=\"twitter:label1\" content=\"Dur\u00e9e de lecture estim\u00e9e\" \/>\n\t<meta name=\"twitter:data1\" content=\"1 minute\" \/>\n<script type=\"application\/ld+json\" class=\"yoast-schema-graph\">{\"@context\":\"https:\\\/\\\/schema.org\",\"@graph\":[{\"@type\":\"WebPage\",\"@id\":\"https:\\\/\\\/emc-mec.ca\\\/fr\\\/politique-de-confidentialite\\\/\",\"url\":\"https:\\\/\\\/emc-mec.ca\\\/fr\\\/politique-de-confidentialite\\\/\",\"name\":\"Politique de confidentialit\u00e9 - Mobilit\u00e9 Electrique Canada\",\"isPartOf\":{\"@id\":\"https:\\\/\\\/emc-mec.ca\\\/#website\"},\"datePublished\":\"2022-09-06T19:32:02+00:00\",\"dateModified\":\"2023-05-10T17:27:51+00:00\",\"description\":\"Ce site Web est la propri\u00e9t\u00e9 de Mobilit\u00e9 \u00e9lectrique Canada (M\u00c9C) et M\u00c9C accorde une grande importance \u00e0 la protection de la vie priv\u00e9e des visiteurs du site et la respecte en tout temps.\",\"breadcrumb\":{\"@id\":\"https:\\\/\\\/emc-mec.ca\\\/fr\\\/politique-de-confidentialite\\\/#breadcrumb\"},\"inLanguage\":\"fr-FR\",\"potentialAction\":[{\"@type\":\"ReadAction\",\"target\":[\"https:\\\/\\\/emc-mec.ca\\\/fr\\\/politique-de-confidentialite\\\/\"]}]},{\"@type\":\"BreadcrumbList\",\"@id\":\"https:\\\/\\\/emc-mec.ca\\\/fr\\\/politique-de-confidentialite\\\/#breadcrumb\",\"itemListElement\":[{\"@type\":\"ListItem\",\"position\":1,\"name\":\"Home\",\"item\":\"https:\\\/\\\/emc-mec.ca\\\/fr\\\/\"},{\"@type\":\"ListItem\",\"position\":2,\"name\":\"Politique de confidentialit\u00e9\"}]},{\"@type\":\"WebSite\",\"@id\":\"https:\\\/\\\/emc-mec.ca\\\/#website\",\"url\":\"https:\\\/\\\/emc-mec.ca\\\/\",\"name\":\"Mobilit\u00e9 Electrique Canada\",\"description\":\"Acc\u00e9l\u00e9rer l&#039;\u00e9lectrification des transports\",\"potentialAction\":[{\"@type\":\"SearchAction\",\"target\":{\"@type\":\"EntryPoint\",\"urlTemplate\":\"https:\\\/\\\/emc-mec.ca\\\/?s={search_term_string}\"},\"query-input\":{\"@type\":\"PropertyValueSpecification\",\"valueRequired\":true,\"valueName\":\"search_term_string\"}}],\"inLanguage\":\"fr-FR\"}]}<\/script>\n<!-- \/ Yoast SEO plugin. -->","yoast_head_json":{"title":"Politique de confidentialit\u00e9 - Mobilit\u00e9 Electrique Canada","description":"Ce site Web est la propri\u00e9t\u00e9 de Mobilit\u00e9 \u00e9lectrique Canada (M\u00c9C) et M\u00c9C accorde une grande importance \u00e0 la protection de la vie priv\u00e9e des visiteurs du site et la respecte en tout temps.","robots":{"index":"index","follow":"follow","max-snippet":"max-snippet:-1","max-image-preview":"max-image-preview:large","max-video-preview":"max-video-preview:-1"},"canonical":"https:\/\/emc-mec.ca\/fr\/politique-de-confidentialite\/","og_locale":"fr_FR","og_type":"article","og_title":"Politique de confidentialit\u00e9 - Mobilit\u00e9 Electrique Canada","og_description":"Ce site Web est la propri\u00e9t\u00e9 de Mobilit\u00e9 \u00e9lectrique Canada (M\u00c9C) et M\u00c9C accorde une grande importance \u00e0 la protection de la vie priv\u00e9e des visiteurs du site et la respecte en tout temps.","og_url":"https:\/\/emc-mec.ca\/fr\/politique-de-confidentialite\/","og_site_name":"Mobilit\u00e9 Electrique Canada","article_modified_time":"2023-05-10T17:27:51+00:00","twitter_card":"summary_large_image","twitter_misc":{"Dur\u00e9e de lecture estim\u00e9e":"1 minute"},"schema":{"@context":"https:\/\/schema.org","@graph":[{"@type":"WebPage","@id":"https:\/\/emc-mec.ca\/fr\/politique-de-confidentialite\/","url":"https:\/\/emc-mec.ca\/fr\/politique-de-confidentialite\/","name":"Politique de confidentialit\u00e9 - Mobilit\u00e9 Electrique Canada","isPartOf":{"@id":"https:\/\/emc-mec.ca\/#website"},"datePublished":"2022-09-06T19:32:02+00:00","dateModified":"2023-05-10T17:27:51+00:00","description":"Ce site Web est la propri\u00e9t\u00e9 de Mobilit\u00e9 \u00e9lectrique Canada (M\u00c9C) et M\u00c9C accorde une grande importance \u00e0 la protection de la vie priv\u00e9e des visiteurs du site et la respecte en tout temps.","breadcrumb":{"@id":"https:\/\/emc-mec.ca\/fr\/politique-de-confidentialite\/#breadcrumb"},"inLanguage":"fr-FR","potentialAction":[{"@type":"ReadAction","target":["https:\/\/emc-mec.ca\/fr\/politique-de-confidentialite\/"]}]},{"@type":"BreadcrumbList","@id":"https:\/\/emc-mec.ca\/fr\/politique-de-confidentialite\/#breadcrumb","itemListElement":[{"@type":"ListItem","position":1,"name":"Home","item":"https:\/\/emc-mec.ca\/fr\/"},{"@type":"ListItem","position":2,"name":"Politique de confidentialit\u00e9"}]},{"@type":"WebSite","@id":"https:\/\/emc-mec.ca\/#website","url":"https:\/\/emc-mec.ca\/","name":"Mobilit\u00e9 Electrique Canada","description":"Acc\u00e9l\u00e9rer l&#039;\u00e9lectrification des transports","potentialAction":[{"@type":"SearchAction","target":{"@type":"EntryPoint","urlTemplate":"https:\/\/emc-mec.ca\/?s={search_term_string}"},"query-input":{"@type":"PropertyValueSpecification","valueRequired":true,"valueName":"search_term_string"}}],"inLanguage":"fr-FR"}]}},"_links":{"self":[{"href":"https:\/\/emc-mec.ca\/fr\/wp-json\/wp\/v2\/pages\/1550","targetHints":{"allow":["GET"]}}],"collection":[{"href":"https:\/\/emc-mec.ca\/fr\/wp-json\/wp\/v2\/pages"}],"about":[{"href":"https:\/\/emc-mec.ca\/fr\/wp-json\/wp\/v2\/types\/page"}],"author":[{"embeddable":true,"href":"https:\/\/emc-mec.ca\/fr\/wp-json\/wp\/v2\/users\/1"}],"replies":[{"embeddable":true,"href":"https:\/\/emc-mec.ca\/fr\/wp-json\/wp\/v2\/comments?post=1550"}],"version-history":[{"count":2,"href":"https:\/\/emc-mec.ca\/fr\/wp-json\/wp\/v2\/pages\/1550\/revisions"}],"predecessor-version":[{"id":1552,"href":"https:\/\/emc-mec.ca\/fr\/wp-json\/wp\/v2\/pages\/1550\/revisions\/1552"}],"wp:attachment":[{"href":"https:\/\/emc-mec.ca\/fr\/wp-json\/wp\/v2\/media?parent=1550"}],"curies":[{"name":"wp","href":"https:\/\/api.w.org\/{rel}","templated":true}]}}