{"id":1542,"date":"2023-02-22T08:42:57","date_gmt":"2023-02-22T13:42:57","guid":{"rendered":"https:\/\/emc2022.isunderconstruction.com\/?page_id=1542"},"modified":"2025-05-01T12:07:26","modified_gmt":"2025-05-01T16:07:26","slug":"advocacy","status":"publish","type":"page","link":"https:\/\/emc-mec.ca\/fr\/our-work\/advocacy\/","title":{"rendered":"Plaidoyer"},"content":{"rendered":"","protected":false},"excerpt":{"rendered":"","protected":false},"author":1,"featured_media":1914,"parent":1539,"menu_order":0,"comment_status":"closed","ping_status":"closed","template":"page-flexible.php","meta":{"_acf_changed":false,"_monsterinsights_skip_tracking":false,"_monsterinsights_sitenote_active":false,"_monsterinsights_sitenote_note":"","_monsterinsights_sitenote_category":0,"footnotes":""},"class_list":["post-1542","page","type-page","status-publish","has-post-thumbnail","hentry"],"acf":[],"yoast_head":"<!-- This site is optimized with the Yoast SEO plugin v27.4 - https:\/\/yoast.com\/product\/yoast-seo-wordpress\/ -->\n<title>Plaidoyer - Mobilit\u00e9 Electrique Canada<\/title>\n<meta name=\"description\" content=\"Les activit\u00e9s de d\u00e9fense des int\u00e9r\u00eats men\u00e9es par M\u00c9C au nom de ses membres ne se limitent pas aux voitures \u00e9lectriques, mais visent \u00e9galement les autobus, les camions, les trains et d\u2019autres types de transport \u00e9lectrique.\" \/>\n<meta name=\"robots\" content=\"index, follow, max-snippet:-1, max-image-preview:large, max-video-preview:-1\" \/>\n<link rel=\"canonical\" href=\"https:\/\/emc-mec.ca\/fr\/our-work\/advocacy\/\" \/>\n<meta property=\"og:locale\" content=\"fr_FR\" \/>\n<meta property=\"og:type\" content=\"article\" \/>\n<meta property=\"og:title\" content=\"Plaidoyer - Mobilit\u00e9 Electrique Canada\" \/>\n<meta property=\"og:description\" content=\"Les activit\u00e9s de d\u00e9fense des int\u00e9r\u00eats men\u00e9es par M\u00c9C au nom de ses membres ne se limitent pas aux voitures \u00e9lectriques, mais visent \u00e9galement les autobus, les camions, les trains et d\u2019autres types de transport \u00e9lectrique.\" \/>\n<meta property=\"og:url\" content=\"https:\/\/emc-mec.ca\/fr\/our-work\/advocacy\/\" \/>\n<meta property=\"og:site_name\" content=\"Mobilit\u00e9 Electrique Canada\" \/>\n<meta property=\"article:modified_time\" content=\"2025-05-01T16:07:26+00:00\" \/>\n<meta property=\"og:image\" content=\"https:\/\/emc-mec.ca\/wp-content\/uploads\/2023\/06\/iStock-912240016-scaled.jpg\" \/>\n\t<meta property=\"og:image:width\" content=\"2560\" \/>\n\t<meta property=\"og:image:height\" content=\"1696\" \/>\n\t<meta property=\"og:image:type\" content=\"image\/jpeg\" \/>\n<meta name=\"twitter:card\" content=\"summary_large_image\" \/>\n<meta name=\"twitter:label1\" content=\"Dur\u00e9e de lecture estim\u00e9e\" \/>\n\t<meta name=\"twitter:data1\" content=\"1 minute\" \/>\n<script type=\"application\/ld+json\" class=\"yoast-schema-graph\">{\"@context\":\"https:\\\/\\\/schema.org\",\"@graph\":[{\"@type\":\"WebPage\",\"@id\":\"https:\\\/\\\/emc-mec.ca\\\/fr\\\/our-work\\\/advocacy\\\/\",\"url\":\"https:\\\/\\\/emc-mec.ca\\\/fr\\\/our-work\\\/advocacy\\\/\",\"name\":\"Plaidoyer - Mobilit\u00e9 Electrique Canada\",\"isPartOf\":{\"@id\":\"https:\\\/\\\/emc-mec.ca\\\/#website\"},\"primaryImageOfPage\":{\"@id\":\"https:\\\/\\\/emc-mec.ca\\\/fr\\\/our-work\\\/advocacy\\\/#primaryimage\"},\"image\":{\"@id\":\"https:\\\/\\\/emc-mec.ca\\\/fr\\\/our-work\\\/advocacy\\\/#primaryimage\"},\"thumbnailUrl\":\"https:\\\/\\\/emc-mec.ca\\\/wp-content\\\/uploads\\\/2023\\\/06\\\/iStock-912240016-scaled.jpg\",\"datePublished\":\"2023-02-22T13:42:57+00:00\",\"dateModified\":\"2025-05-01T16:07:26+00:00\",\"description\":\"Les activit\u00e9s de d\u00e9fense des int\u00e9r\u00eats men\u00e9es par M\u00c9C au nom de ses membres ne se limitent pas aux voitures \u00e9lectriques, mais visent \u00e9galement les autobus, les camions, les trains et d\u2019autres types de transport \u00e9lectrique.\",\"breadcrumb\":{\"@id\":\"https:\\\/\\\/emc-mec.ca\\\/fr\\\/our-work\\\/advocacy\\\/#breadcrumb\"},\"inLanguage\":\"fr-FR\",\"potentialAction\":[{\"@type\":\"ReadAction\",\"target\":[\"https:\\\/\\\/emc-mec.ca\\\/fr\\\/our-work\\\/advocacy\\\/\"]}]},{\"@type\":\"ImageObject\",\"inLanguage\":\"fr-FR\",\"@id\":\"https:\\\/\\\/emc-mec.ca\\\/fr\\\/our-work\\\/advocacy\\\/#primaryimage\",\"url\":\"https:\\\/\\\/emc-mec.ca\\\/wp-content\\\/uploads\\\/2023\\\/06\\\/iStock-912240016-scaled.jpg\",\"contentUrl\":\"https:\\\/\\\/emc-mec.ca\\\/wp-content\\\/uploads\\\/2023\\\/06\\\/iStock-912240016-scaled.jpg\",\"width\":2560,\"height\":1696,\"caption\":\"Montreal, Quebec, Canada - 20 July 2016: Electric car charging at recharging station in the street under green trees in summertime as editorialMontreal, Quebec, Canada - 20 July 2016: Electric car charging at recharging station in the street under green trees in summertime as editorial\"},{\"@type\":\"BreadcrumbList\",\"@id\":\"https:\\\/\\\/emc-mec.ca\\\/fr\\\/our-work\\\/advocacy\\\/#breadcrumb\",\"itemListElement\":[{\"@type\":\"ListItem\",\"position\":1,\"name\":\"Home\",\"item\":\"https:\\\/\\\/emc-mec.ca\\\/fr\\\/\"},{\"@type\":\"ListItem\",\"position\":2,\"name\":\"Notre travail\",\"item\":\"https:\\\/\\\/emc-mec.ca\\\/fr\\\/our-work\\\/\"},{\"@type\":\"ListItem\",\"position\":3,\"name\":\"Plaidoyer\"}]},{\"@type\":\"WebSite\",\"@id\":\"https:\\\/\\\/emc-mec.ca\\\/#website\",\"url\":\"https:\\\/\\\/emc-mec.ca\\\/\",\"name\":\"Mobilit\u00e9 Electrique Canada\",\"description\":\"Acc\u00e9l\u00e9rer l&#039;\u00e9lectrification des transports\",\"potentialAction\":[{\"@type\":\"SearchAction\",\"target\":{\"@type\":\"EntryPoint\",\"urlTemplate\":\"https:\\\/\\\/emc-mec.ca\\\/?s={search_term_string}\"},\"query-input\":{\"@type\":\"PropertyValueSpecification\",\"valueRequired\":true,\"valueName\":\"search_term_string\"}}],\"inLanguage\":\"fr-FR\"}]}<\/script>\n<!-- \/ Yoast SEO plugin. -->","yoast_head_json":{"title":"Plaidoyer - Mobilit\u00e9 Electrique Canada","description":"Les activit\u00e9s de d\u00e9fense des int\u00e9r\u00eats men\u00e9es par M\u00c9C au nom de ses membres ne se limitent pas aux voitures \u00e9lectriques, mais visent \u00e9galement les autobus, les camions, les trains et d\u2019autres types de transport \u00e9lectrique.","robots":{"index":"index","follow":"follow","max-snippet":"max-snippet:-1","max-image-preview":"max-image-preview:large","max-video-preview":"max-video-preview:-1"},"canonical":"https:\/\/emc-mec.ca\/fr\/our-work\/advocacy\/","og_locale":"fr_FR","og_type":"article","og_title":"Plaidoyer - Mobilit\u00e9 Electrique Canada","og_description":"Les activit\u00e9s de d\u00e9fense des int\u00e9r\u00eats men\u00e9es par M\u00c9C au nom de ses membres ne se limitent pas aux voitures \u00e9lectriques, mais visent \u00e9galement les autobus, les camions, les trains et d\u2019autres types de transport \u00e9lectrique.","og_url":"https:\/\/emc-mec.ca\/fr\/our-work\/advocacy\/","og_site_name":"Mobilit\u00e9 Electrique Canada","article_modified_time":"2025-05-01T16:07:26+00:00","og_image":[{"width":2560,"height":1696,"url":"https:\/\/emc-mec.ca\/wp-content\/uploads\/2023\/06\/iStock-912240016-scaled.jpg","type":"image\/jpeg"}],"twitter_card":"summary_large_image","twitter_misc":{"Dur\u00e9e de lecture estim\u00e9e":"1 minute"},"schema":{"@context":"https:\/\/schema.org","@graph":[{"@type":"WebPage","@id":"https:\/\/emc-mec.ca\/fr\/our-work\/advocacy\/","url":"https:\/\/emc-mec.ca\/fr\/our-work\/advocacy\/","name":"Plaidoyer - Mobilit\u00e9 Electrique Canada","isPartOf":{"@id":"https:\/\/emc-mec.ca\/#website"},"primaryImageOfPage":{"@id":"https:\/\/emc-mec.ca\/fr\/our-work\/advocacy\/#primaryimage"},"image":{"@id":"https:\/\/emc-mec.ca\/fr\/our-work\/advocacy\/#primaryimage"},"thumbnailUrl":"https:\/\/emc-mec.ca\/wp-content\/uploads\/2023\/06\/iStock-912240016-scaled.jpg","datePublished":"2023-02-22T13:42:57+00:00","dateModified":"2025-05-01T16:07:26+00:00","description":"Les activit\u00e9s de d\u00e9fense des int\u00e9r\u00eats men\u00e9es par M\u00c9C au nom de ses membres ne se limitent pas aux voitures \u00e9lectriques, mais visent \u00e9galement les autobus, les camions, les trains et d\u2019autres types de transport \u00e9lectrique.","breadcrumb":{"@id":"https:\/\/emc-mec.ca\/fr\/our-work\/advocacy\/#breadcrumb"},"inLanguage":"fr-FR","potentialAction":[{"@type":"ReadAction","target":["https:\/\/emc-mec.ca\/fr\/our-work\/advocacy\/"]}]},{"@type":"ImageObject","inLanguage":"fr-FR","@id":"https:\/\/emc-mec.ca\/fr\/our-work\/advocacy\/#primaryimage","url":"https:\/\/emc-mec.ca\/wp-content\/uploads\/2023\/06\/iStock-912240016-scaled.jpg","contentUrl":"https:\/\/emc-mec.ca\/wp-content\/uploads\/2023\/06\/iStock-912240016-scaled.jpg","width":2560,"height":1696,"caption":"Montreal, Quebec, Canada - 20 July 2016: Electric car charging at recharging station in the street under green trees in summertime as editorialMontreal, Quebec, Canada - 20 July 2016: Electric car charging at recharging station in the street under green trees in summertime as editorial"},{"@type":"BreadcrumbList","@id":"https:\/\/emc-mec.ca\/fr\/our-work\/advocacy\/#breadcrumb","itemListElement":[{"@type":"ListItem","position":1,"name":"Home","item":"https:\/\/emc-mec.ca\/fr\/"},{"@type":"ListItem","position":2,"name":"Notre travail","item":"https:\/\/emc-mec.ca\/fr\/our-work\/"},{"@type":"ListItem","position":3,"name":"Plaidoyer"}]},{"@type":"WebSite","@id":"https:\/\/emc-mec.ca\/#website","url":"https:\/\/emc-mec.ca\/","name":"Mobilit\u00e9 Electrique Canada","description":"Acc\u00e9l\u00e9rer l&#039;\u00e9lectrification des transports","potentialAction":[{"@type":"SearchAction","target":{"@type":"EntryPoint","urlTemplate":"https:\/\/emc-mec.ca\/?s={search_term_string}"},"query-input":{"@type":"PropertyValueSpecification","valueRequired":true,"valueName":"search_term_string"}}],"inLanguage":"fr-FR"}]}},"_links":{"self":[{"href":"https:\/\/emc-mec.ca\/fr\/wp-json\/wp\/v2\/pages\/1542","targetHints":{"allow":["GET"]}}],"collection":[{"href":"https:\/\/emc-mec.ca\/fr\/wp-json\/wp\/v2\/pages"}],"about":[{"href":"https:\/\/emc-mec.ca\/fr\/wp-json\/wp\/v2\/types\/page"}],"author":[{"embeddable":true,"href":"https:\/\/emc-mec.ca\/fr\/wp-json\/wp\/v2\/users\/1"}],"replies":[{"embeddable":true,"href":"https:\/\/emc-mec.ca\/fr\/wp-json\/wp\/v2\/comments?post=1542"}],"version-history":[{"count":18,"href":"https:\/\/emc-mec.ca\/fr\/wp-json\/wp\/v2\/pages\/1542\/revisions"}],"predecessor-version":[{"id":5107,"href":"https:\/\/emc-mec.ca\/fr\/wp-json\/wp\/v2\/pages\/1542\/revisions\/5107"}],"up":[{"embeddable":true,"href":"https:\/\/emc-mec.ca\/fr\/wp-json\/wp\/v2\/pages\/1539"}],"wp:featuredmedia":[{"embeddable":true,"href":"https:\/\/emc-mec.ca\/fr\/wp-json\/wp\/v2\/media\/1914"}],"wp:attachment":[{"href":"https:\/\/emc-mec.ca\/fr\/wp-json\/wp\/v2\/media?parent=1542"}],"curies":[{"name":"wp","href":"https:\/\/api.w.org\/{rel}","templated":true}]}}