{"id":1529,"date":"2022-09-15T11:34:00","date_gmt":"2022-09-15T15:34:00","guid":{"rendered":"https:\/\/emc2022.isunderconstruction.com\/?page_id=1529"},"modified":"2026-03-09T16:31:18","modified_gmt":"2026-03-09T20:31:18","slug":"membership","status":"publish","type":"page","link":"https:\/\/emc-mec.ca\/fr\/membership\/","title":{"rendered":"Adh\u00e9sion"},"content":{"rendered":"","protected":false},"excerpt":{"rendered":"","protected":false},"author":1,"featured_media":338,"parent":0,"menu_order":0,"comment_status":"closed","ping_status":"closed","template":"page-flexible.php","meta":{"_acf_changed":false,"_monsterinsights_skip_tracking":false,"_monsterinsights_sitenote_active":false,"_monsterinsights_sitenote_note":"","_monsterinsights_sitenote_category":0,"footnotes":""},"class_list":["post-1529","page","type-page","status-publish","has-post-thumbnail","hentry"],"acf":[],"yoast_head":"<!-- This site is optimized with the Yoast SEO plugin v27.3 - https:\/\/yoast.com\/product\/yoast-seo-wordpress\/ -->\n<title>Adh\u00e9sion - Mobilit\u00e9 Electrique Canada<\/title>\n<meta name=\"description\" content=\"Mobilit\u00e9 \u00e9lectrique Canada est la voix nationale de l\u2019industrie de l\u2019\u00e9lectrification des transports, de la Colombie-Britannique aux provinces de l\u2019Atlantique. Adh\u00e9rez \u00e0 M\u00c9C pour soutenir d\u2019autres leaders du secteur de la mobilit\u00e9 \u00e9lectrique et collaborer avec eux afin d\u2019acc\u00e9l\u00e9rer l\u2019\u00e9lectrification des transports \u00e0 l\u2019\u00e9chelle du Canada.\" \/>\n<meta name=\"robots\" content=\"index, follow, max-snippet:-1, max-image-preview:large, max-video-preview:-1\" \/>\n<link rel=\"canonical\" href=\"https:\/\/emc-mec.ca\/fr\/membership\/\" \/>\n<meta property=\"og:locale\" content=\"fr_FR\" \/>\n<meta property=\"og:type\" content=\"article\" \/>\n<meta property=\"og:title\" content=\"Adh\u00e9sion - Mobilit\u00e9 Electrique Canada\" \/>\n<meta property=\"og:description\" content=\"Mobilit\u00e9 \u00e9lectrique Canada est la voix nationale de l\u2019industrie de l\u2019\u00e9lectrification des transports, de la Colombie-Britannique aux provinces de l\u2019Atlantique. Adh\u00e9rez \u00e0 M\u00c9C pour soutenir d\u2019autres leaders du secteur de la mobilit\u00e9 \u00e9lectrique et collaborer avec eux afin d\u2019acc\u00e9l\u00e9rer l\u2019\u00e9lectrification des transports \u00e0 l\u2019\u00e9chelle du Canada.\" \/>\n<meta property=\"og:url\" content=\"https:\/\/emc-mec.ca\/fr\/membership\/\" \/>\n<meta property=\"og:site_name\" content=\"Mobilit\u00e9 Electrique Canada\" \/>\n<meta property=\"article:modified_time\" content=\"2026-03-09T20:31:18+00:00\" \/>\n<meta property=\"og:image\" content=\"https:\/\/emc-mec.ca\/wp-content\/uploads\/2022\/09\/hero-photo-1.jpg\" \/>\n\t<meta property=\"og:image:width\" content=\"1500\" \/>\n\t<meta property=\"og:image:height\" content=\"1549\" \/>\n\t<meta property=\"og:image:type\" content=\"image\/jpeg\" \/>\n<meta name=\"twitter:card\" content=\"summary_large_image\" \/>\n<meta name=\"twitter:label1\" content=\"Dur\u00e9e de lecture estim\u00e9e\" \/>\n\t<meta name=\"twitter:data1\" content=\"1 minute\" \/>\n<script type=\"application\/ld+json\" class=\"yoast-schema-graph\">{\"@context\":\"https:\\\/\\\/schema.org\",\"@graph\":[{\"@type\":\"WebPage\",\"@id\":\"https:\\\/\\\/emc-mec.ca\\\/fr\\\/membership\\\/\",\"url\":\"https:\\\/\\\/emc-mec.ca\\\/fr\\\/membership\\\/\",\"name\":\"Adh\u00e9sion - Mobilit\u00e9 Electrique Canada\",\"isPartOf\":{\"@id\":\"https:\\\/\\\/emc-mec.ca\\\/#website\"},\"primaryImageOfPage\":{\"@id\":\"https:\\\/\\\/emc-mec.ca\\\/fr\\\/membership\\\/#primaryimage\"},\"image\":{\"@id\":\"https:\\\/\\\/emc-mec.ca\\\/fr\\\/membership\\\/#primaryimage\"},\"thumbnailUrl\":\"https:\\\/\\\/emc-mec.ca\\\/wp-content\\\/uploads\\\/2022\\\/09\\\/hero-photo-1.jpg\",\"datePublished\":\"2022-09-15T15:34:00+00:00\",\"dateModified\":\"2026-03-09T20:31:18+00:00\",\"description\":\"Mobilit\u00e9 \u00e9lectrique Canada est la voix nationale de l\u2019industrie de l\u2019\u00e9lectrification des transports, de la Colombie-Britannique aux provinces de l\u2019Atlantique. Adh\u00e9rez \u00e0 M\u00c9C pour soutenir d\u2019autres leaders du secteur de la mobilit\u00e9 \u00e9lectrique et collaborer avec eux afin d\u2019acc\u00e9l\u00e9rer l\u2019\u00e9lectrification des transports \u00e0 l\u2019\u00e9chelle du Canada.\",\"breadcrumb\":{\"@id\":\"https:\\\/\\\/emc-mec.ca\\\/fr\\\/membership\\\/#breadcrumb\"},\"inLanguage\":\"fr-FR\",\"potentialAction\":[{\"@type\":\"ReadAction\",\"target\":[\"https:\\\/\\\/emc-mec.ca\\\/fr\\\/membership\\\/\"]}]},{\"@type\":\"ImageObject\",\"inLanguage\":\"fr-FR\",\"@id\":\"https:\\\/\\\/emc-mec.ca\\\/fr\\\/membership\\\/#primaryimage\",\"url\":\"https:\\\/\\\/emc-mec.ca\\\/wp-content\\\/uploads\\\/2022\\\/09\\\/hero-photo-1.jpg\",\"contentUrl\":\"https:\\\/\\\/emc-mec.ca\\\/wp-content\\\/uploads\\\/2022\\\/09\\\/hero-photo-1.jpg\",\"width\":1500,\"height\":1549},{\"@type\":\"BreadcrumbList\",\"@id\":\"https:\\\/\\\/emc-mec.ca\\\/fr\\\/membership\\\/#breadcrumb\",\"itemListElement\":[{\"@type\":\"ListItem\",\"position\":1,\"name\":\"Home\",\"item\":\"https:\\\/\\\/emc-mec.ca\\\/fr\\\/\"},{\"@type\":\"ListItem\",\"position\":2,\"name\":\"Adh\u00e9sion\"}]},{\"@type\":\"WebSite\",\"@id\":\"https:\\\/\\\/emc-mec.ca\\\/#website\",\"url\":\"https:\\\/\\\/emc-mec.ca\\\/\",\"name\":\"Mobilit\u00e9 Electrique Canada\",\"description\":\"Acc\u00e9l\u00e9rer l&#039;\u00e9lectrification des transports\",\"potentialAction\":[{\"@type\":\"SearchAction\",\"target\":{\"@type\":\"EntryPoint\",\"urlTemplate\":\"https:\\\/\\\/emc-mec.ca\\\/?s={search_term_string}\"},\"query-input\":{\"@type\":\"PropertyValueSpecification\",\"valueRequired\":true,\"valueName\":\"search_term_string\"}}],\"inLanguage\":\"fr-FR\"}]}<\/script>\n<!-- \/ Yoast SEO plugin. -->","yoast_head_json":{"title":"Adh\u00e9sion - Mobilit\u00e9 Electrique Canada","description":"Mobilit\u00e9 \u00e9lectrique Canada est la voix nationale de l\u2019industrie de l\u2019\u00e9lectrification des transports, de la Colombie-Britannique aux provinces de l\u2019Atlantique. Adh\u00e9rez \u00e0 M\u00c9C pour soutenir d\u2019autres leaders du secteur de la mobilit\u00e9 \u00e9lectrique et collaborer avec eux afin d\u2019acc\u00e9l\u00e9rer l\u2019\u00e9lectrification des transports \u00e0 l\u2019\u00e9chelle du Canada.","robots":{"index":"index","follow":"follow","max-snippet":"max-snippet:-1","max-image-preview":"max-image-preview:large","max-video-preview":"max-video-preview:-1"},"canonical":"https:\/\/emc-mec.ca\/fr\/membership\/","og_locale":"fr_FR","og_type":"article","og_title":"Adh\u00e9sion - Mobilit\u00e9 Electrique Canada","og_description":"Mobilit\u00e9 \u00e9lectrique Canada est la voix nationale de l\u2019industrie de l\u2019\u00e9lectrification des transports, de la Colombie-Britannique aux provinces de l\u2019Atlantique. Adh\u00e9rez \u00e0 M\u00c9C pour soutenir d\u2019autres leaders du secteur de la mobilit\u00e9 \u00e9lectrique et collaborer avec eux afin d\u2019acc\u00e9l\u00e9rer l\u2019\u00e9lectrification des transports \u00e0 l\u2019\u00e9chelle du Canada.","og_url":"https:\/\/emc-mec.ca\/fr\/membership\/","og_site_name":"Mobilit\u00e9 Electrique Canada","article_modified_time":"2026-03-09T20:31:18+00:00","og_image":[{"width":1500,"height":1549,"url":"https:\/\/emc-mec.ca\/wp-content\/uploads\/2022\/09\/hero-photo-1.jpg","type":"image\/jpeg"}],"twitter_card":"summary_large_image","twitter_misc":{"Dur\u00e9e de lecture estim\u00e9e":"1 minute"},"schema":{"@context":"https:\/\/schema.org","@graph":[{"@type":"WebPage","@id":"https:\/\/emc-mec.ca\/fr\/membership\/","url":"https:\/\/emc-mec.ca\/fr\/membership\/","name":"Adh\u00e9sion - Mobilit\u00e9 Electrique Canada","isPartOf":{"@id":"https:\/\/emc-mec.ca\/#website"},"primaryImageOfPage":{"@id":"https:\/\/emc-mec.ca\/fr\/membership\/#primaryimage"},"image":{"@id":"https:\/\/emc-mec.ca\/fr\/membership\/#primaryimage"},"thumbnailUrl":"https:\/\/emc-mec.ca\/wp-content\/uploads\/2022\/09\/hero-photo-1.jpg","datePublished":"2022-09-15T15:34:00+00:00","dateModified":"2026-03-09T20:31:18+00:00","description":"Mobilit\u00e9 \u00e9lectrique Canada est la voix nationale de l\u2019industrie de l\u2019\u00e9lectrification des transports, de la Colombie-Britannique aux provinces de l\u2019Atlantique. Adh\u00e9rez \u00e0 M\u00c9C pour soutenir d\u2019autres leaders du secteur de la mobilit\u00e9 \u00e9lectrique et collaborer avec eux afin d\u2019acc\u00e9l\u00e9rer l\u2019\u00e9lectrification des transports \u00e0 l\u2019\u00e9chelle du Canada.","breadcrumb":{"@id":"https:\/\/emc-mec.ca\/fr\/membership\/#breadcrumb"},"inLanguage":"fr-FR","potentialAction":[{"@type":"ReadAction","target":["https:\/\/emc-mec.ca\/fr\/membership\/"]}]},{"@type":"ImageObject","inLanguage":"fr-FR","@id":"https:\/\/emc-mec.ca\/fr\/membership\/#primaryimage","url":"https:\/\/emc-mec.ca\/wp-content\/uploads\/2022\/09\/hero-photo-1.jpg","contentUrl":"https:\/\/emc-mec.ca\/wp-content\/uploads\/2022\/09\/hero-photo-1.jpg","width":1500,"height":1549},{"@type":"BreadcrumbList","@id":"https:\/\/emc-mec.ca\/fr\/membership\/#breadcrumb","itemListElement":[{"@type":"ListItem","position":1,"name":"Home","item":"https:\/\/emc-mec.ca\/fr\/"},{"@type":"ListItem","position":2,"name":"Adh\u00e9sion"}]},{"@type":"WebSite","@id":"https:\/\/emc-mec.ca\/#website","url":"https:\/\/emc-mec.ca\/","name":"Mobilit\u00e9 Electrique Canada","description":"Acc\u00e9l\u00e9rer l&#039;\u00e9lectrification des transports","potentialAction":[{"@type":"SearchAction","target":{"@type":"EntryPoint","urlTemplate":"https:\/\/emc-mec.ca\/?s={search_term_string}"},"query-input":{"@type":"PropertyValueSpecification","valueRequired":true,"valueName":"search_term_string"}}],"inLanguage":"fr-FR"}]}},"_links":{"self":[{"href":"https:\/\/emc-mec.ca\/fr\/wp-json\/wp\/v2\/pages\/1529","targetHints":{"allow":["GET"]}}],"collection":[{"href":"https:\/\/emc-mec.ca\/fr\/wp-json\/wp\/v2\/pages"}],"about":[{"href":"https:\/\/emc-mec.ca\/fr\/wp-json\/wp\/v2\/types\/page"}],"author":[{"embeddable":true,"href":"https:\/\/emc-mec.ca\/fr\/wp-json\/wp\/v2\/users\/1"}],"replies":[{"embeddable":true,"href":"https:\/\/emc-mec.ca\/fr\/wp-json\/wp\/v2\/comments?post=1529"}],"version-history":[{"count":27,"href":"https:\/\/emc-mec.ca\/fr\/wp-json\/wp\/v2\/pages\/1529\/revisions"}],"predecessor-version":[{"id":6676,"href":"https:\/\/emc-mec.ca\/fr\/wp-json\/wp\/v2\/pages\/1529\/revisions\/6676"}],"wp:featuredmedia":[{"embeddable":true,"href":"https:\/\/emc-mec.ca\/fr\/wp-json\/wp\/v2\/media\/338"}],"wp:attachment":[{"href":"https:\/\/emc-mec.ca\/fr\/wp-json\/wp\/v2\/media?parent=1529"}],"curies":[{"name":"wp","href":"https:\/\/api.w.org\/{rel}","templated":true}]}}