{"id":1526,"date":"2023-02-17T08:09:46","date_gmt":"2023-02-17T13:09:46","guid":{"rendered":"https:\/\/emc2022.isunderconstruction.com\/?page_id=1526"},"modified":"2023-05-12T11:27:48","modified_gmt":"2023-05-12T15:27:48","slug":"past-events","status":"publish","type":"page","link":"https:\/\/emc-mec.ca\/fr\/events\/past-events\/","title":{"rendered":"\u00c9v\u00e9nements pass\u00e9s"},"content":{"rendered":"","protected":false},"excerpt":{"rendered":"","protected":false},"author":1,"featured_media":338,"parent":1523,"menu_order":0,"comment_status":"closed","ping_status":"closed","template":"page-posts-filters.php","meta":{"_acf_changed":false,"_monsterinsights_skip_tracking":false,"_monsterinsights_sitenote_active":false,"_monsterinsights_sitenote_note":"","_monsterinsights_sitenote_category":0,"footnotes":""},"class_list":["post-1526","page","type-page","status-publish","has-post-thumbnail","hentry"],"acf":[],"yoast_head":"<!-- This site is optimized with the Yoast SEO plugin v27.3 - https:\/\/yoast.com\/product\/yoast-seo-wordpress\/ -->\n<title>\u00c9v\u00e9nements pass\u00e9s - Mobilit\u00e9 Electrique Canada<\/title>\n<meta name=\"description\" content=\"\u00c9v\u00e9nements pass\u00e9s\" \/>\n<meta name=\"robots\" content=\"index, follow, max-snippet:-1, max-image-preview:large, max-video-preview:-1\" \/>\n<link rel=\"canonical\" href=\"https:\/\/emc-mec.ca\/fr\/events\/past-events\/\" \/>\n<meta property=\"og:locale\" content=\"fr_FR\" \/>\n<meta property=\"og:type\" content=\"article\" \/>\n<meta property=\"og:title\" content=\"\u00c9v\u00e9nements pass\u00e9s - Mobilit\u00e9 Electrique Canada\" \/>\n<meta property=\"og:description\" content=\"\u00c9v\u00e9nements pass\u00e9s\" \/>\n<meta property=\"og:url\" content=\"https:\/\/emc-mec.ca\/fr\/events\/past-events\/\" \/>\n<meta property=\"og:site_name\" content=\"Mobilit\u00e9 Electrique Canada\" \/>\n<meta property=\"article:modified_time\" content=\"2023-05-12T15:27:48+00:00\" \/>\n<meta property=\"og:image\" content=\"https:\/\/emc-mec.ca\/wp-content\/uploads\/2022\/09\/hero-photo-1.jpg\" \/>\n\t<meta property=\"og:image:width\" content=\"1500\" \/>\n\t<meta property=\"og:image:height\" content=\"1549\" \/>\n\t<meta property=\"og:image:type\" content=\"image\/jpeg\" \/>\n<meta name=\"twitter:card\" content=\"summary_large_image\" \/>\n<script type=\"application\/ld+json\" class=\"yoast-schema-graph\">{\"@context\":\"https:\\\/\\\/schema.org\",\"@graph\":[{\"@type\":\"WebPage\",\"@id\":\"https:\\\/\\\/emc-mec.ca\\\/fr\\\/events\\\/past-events\\\/\",\"url\":\"https:\\\/\\\/emc-mec.ca\\\/fr\\\/events\\\/past-events\\\/\",\"name\":\"\u00c9v\u00e9nements pass\u00e9s - Mobilit\u00e9 Electrique Canada\",\"isPartOf\":{\"@id\":\"https:\\\/\\\/emc-mec.ca\\\/#website\"},\"primaryImageOfPage\":{\"@id\":\"https:\\\/\\\/emc-mec.ca\\\/fr\\\/events\\\/past-events\\\/#primaryimage\"},\"image\":{\"@id\":\"https:\\\/\\\/emc-mec.ca\\\/fr\\\/events\\\/past-events\\\/#primaryimage\"},\"thumbnailUrl\":\"https:\\\/\\\/emc-mec.ca\\\/wp-content\\\/uploads\\\/2022\\\/09\\\/hero-photo-1.jpg\",\"datePublished\":\"2023-02-17T13:09:46+00:00\",\"dateModified\":\"2023-05-12T15:27:48+00:00\",\"description\":\"\u00c9v\u00e9nements pass\u00e9s\",\"breadcrumb\":{\"@id\":\"https:\\\/\\\/emc-mec.ca\\\/fr\\\/events\\\/past-events\\\/#breadcrumb\"},\"inLanguage\":\"fr-FR\",\"potentialAction\":[{\"@type\":\"ReadAction\",\"target\":[\"https:\\\/\\\/emc-mec.ca\\\/fr\\\/events\\\/past-events\\\/\"]}]},{\"@type\":\"ImageObject\",\"inLanguage\":\"fr-FR\",\"@id\":\"https:\\\/\\\/emc-mec.ca\\\/fr\\\/events\\\/past-events\\\/#primaryimage\",\"url\":\"https:\\\/\\\/emc-mec.ca\\\/wp-content\\\/uploads\\\/2022\\\/09\\\/hero-photo-1.jpg\",\"contentUrl\":\"https:\\\/\\\/emc-mec.ca\\\/wp-content\\\/uploads\\\/2022\\\/09\\\/hero-photo-1.jpg\",\"width\":1500,\"height\":1549},{\"@type\":\"BreadcrumbList\",\"@id\":\"https:\\\/\\\/emc-mec.ca\\\/fr\\\/events\\\/past-events\\\/#breadcrumb\",\"itemListElement\":[{\"@type\":\"ListItem\",\"position\":1,\"name\":\"Home\",\"item\":\"https:\\\/\\\/emc-mec.ca\\\/fr\\\/\"},{\"@type\":\"ListItem\",\"position\":2,\"name\":\"\u00c9v\u00e9nements\",\"item\":\"https:\\\/\\\/emc-mec.ca\\\/fr\\\/events\\\/\"},{\"@type\":\"ListItem\",\"position\":3,\"name\":\"\u00c9v\u00e9nements pass\u00e9s\"}]},{\"@type\":\"WebSite\",\"@id\":\"https:\\\/\\\/emc-mec.ca\\\/#website\",\"url\":\"https:\\\/\\\/emc-mec.ca\\\/\",\"name\":\"Mobilit\u00e9 Electrique Canada\",\"description\":\"Acc\u00e9l\u00e9rer l&#039;\u00e9lectrification des transports\",\"potentialAction\":[{\"@type\":\"SearchAction\",\"target\":{\"@type\":\"EntryPoint\",\"urlTemplate\":\"https:\\\/\\\/emc-mec.ca\\\/?s={search_term_string}\"},\"query-input\":{\"@type\":\"PropertyValueSpecification\",\"valueRequired\":true,\"valueName\":\"search_term_string\"}}],\"inLanguage\":\"fr-FR\"}]}<\/script>\n<!-- \/ Yoast SEO plugin. -->","yoast_head_json":{"title":"\u00c9v\u00e9nements pass\u00e9s - Mobilit\u00e9 Electrique Canada","description":"\u00c9v\u00e9nements pass\u00e9s","robots":{"index":"index","follow":"follow","max-snippet":"max-snippet:-1","max-image-preview":"max-image-preview:large","max-video-preview":"max-video-preview:-1"},"canonical":"https:\/\/emc-mec.ca\/fr\/events\/past-events\/","og_locale":"fr_FR","og_type":"article","og_title":"\u00c9v\u00e9nements pass\u00e9s - Mobilit\u00e9 Electrique Canada","og_description":"\u00c9v\u00e9nements pass\u00e9s","og_url":"https:\/\/emc-mec.ca\/fr\/events\/past-events\/","og_site_name":"Mobilit\u00e9 Electrique Canada","article_modified_time":"2023-05-12T15:27:48+00:00","og_image":[{"width":1500,"height":1549,"url":"https:\/\/emc-mec.ca\/wp-content\/uploads\/2022\/09\/hero-photo-1.jpg","type":"image\/jpeg"}],"twitter_card":"summary_large_image","schema":{"@context":"https:\/\/schema.org","@graph":[{"@type":"WebPage","@id":"https:\/\/emc-mec.ca\/fr\/events\/past-events\/","url":"https:\/\/emc-mec.ca\/fr\/events\/past-events\/","name":"\u00c9v\u00e9nements pass\u00e9s - Mobilit\u00e9 Electrique Canada","isPartOf":{"@id":"https:\/\/emc-mec.ca\/#website"},"primaryImageOfPage":{"@id":"https:\/\/emc-mec.ca\/fr\/events\/past-events\/#primaryimage"},"image":{"@id":"https:\/\/emc-mec.ca\/fr\/events\/past-events\/#primaryimage"},"thumbnailUrl":"https:\/\/emc-mec.ca\/wp-content\/uploads\/2022\/09\/hero-photo-1.jpg","datePublished":"2023-02-17T13:09:46+00:00","dateModified":"2023-05-12T15:27:48+00:00","description":"\u00c9v\u00e9nements pass\u00e9s","breadcrumb":{"@id":"https:\/\/emc-mec.ca\/fr\/events\/past-events\/#breadcrumb"},"inLanguage":"fr-FR","potentialAction":[{"@type":"ReadAction","target":["https:\/\/emc-mec.ca\/fr\/events\/past-events\/"]}]},{"@type":"ImageObject","inLanguage":"fr-FR","@id":"https:\/\/emc-mec.ca\/fr\/events\/past-events\/#primaryimage","url":"https:\/\/emc-mec.ca\/wp-content\/uploads\/2022\/09\/hero-photo-1.jpg","contentUrl":"https:\/\/emc-mec.ca\/wp-content\/uploads\/2022\/09\/hero-photo-1.jpg","width":1500,"height":1549},{"@type":"BreadcrumbList","@id":"https:\/\/emc-mec.ca\/fr\/events\/past-events\/#breadcrumb","itemListElement":[{"@type":"ListItem","position":1,"name":"Home","item":"https:\/\/emc-mec.ca\/fr\/"},{"@type":"ListItem","position":2,"name":"\u00c9v\u00e9nements","item":"https:\/\/emc-mec.ca\/fr\/events\/"},{"@type":"ListItem","position":3,"name":"\u00c9v\u00e9nements pass\u00e9s"}]},{"@type":"WebSite","@id":"https:\/\/emc-mec.ca\/#website","url":"https:\/\/emc-mec.ca\/","name":"Mobilit\u00e9 Electrique Canada","description":"Acc\u00e9l\u00e9rer l&#039;\u00e9lectrification des transports","potentialAction":[{"@type":"SearchAction","target":{"@type":"EntryPoint","urlTemplate":"https:\/\/emc-mec.ca\/?s={search_term_string}"},"query-input":{"@type":"PropertyValueSpecification","valueRequired":true,"valueName":"search_term_string"}}],"inLanguage":"fr-FR"}]}},"_links":{"self":[{"href":"https:\/\/emc-mec.ca\/fr\/wp-json\/wp\/v2\/pages\/1526","targetHints":{"allow":["GET"]}}],"collection":[{"href":"https:\/\/emc-mec.ca\/fr\/wp-json\/wp\/v2\/pages"}],"about":[{"href":"https:\/\/emc-mec.ca\/fr\/wp-json\/wp\/v2\/types\/page"}],"author":[{"embeddable":true,"href":"https:\/\/emc-mec.ca\/fr\/wp-json\/wp\/v2\/users\/1"}],"replies":[{"embeddable":true,"href":"https:\/\/emc-mec.ca\/fr\/wp-json\/wp\/v2\/comments?post=1526"}],"version-history":[{"count":2,"href":"https:\/\/emc-mec.ca\/fr\/wp-json\/wp\/v2\/pages\/1526\/revisions"}],"predecessor-version":[{"id":1528,"href":"https:\/\/emc-mec.ca\/fr\/wp-json\/wp\/v2\/pages\/1526\/revisions\/1528"}],"up":[{"embeddable":true,"href":"https:\/\/emc-mec.ca\/fr\/wp-json\/wp\/v2\/pages\/1523"}],"wp:featuredmedia":[{"embeddable":true,"href":"https:\/\/emc-mec.ca\/fr\/wp-json\/wp\/v2\/media\/338"}],"wp:attachment":[{"href":"https:\/\/emc-mec.ca\/fr\/wp-json\/wp\/v2\/media?parent=1526"}],"curies":[{"name":"wp","href":"https:\/\/api.w.org\/{rel}","templated":true}]}}