{"id":1443,"date":"2022-09-27T09:00:33","date_gmt":"2022-09-27T13:00:33","guid":{"rendered":"https:\/\/emc-mec.ca\/about-us\/committees-working-groups\/"},"modified":"2025-12-18T08:45:15","modified_gmt":"2025-12-18T13:45:15","slug":"committees-working-groups","status":"publish","type":"page","link":"https:\/\/emc-mec.ca\/fr\/about-us\/committees-working-groups\/","title":{"rendered":"Comit\u00e9s et groupes de travail"},"content":{"rendered":"","protected":false},"excerpt":{"rendered":"","protected":false},"author":1,"featured_media":338,"parent":1371,"menu_order":0,"comment_status":"closed","ping_status":"closed","template":"page-flexible.php","meta":{"_acf_changed":false,"_monsterinsights_skip_tracking":false,"_monsterinsights_sitenote_active":false,"_monsterinsights_sitenote_note":"","_monsterinsights_sitenote_category":0,"footnotes":""},"class_list":["post-1443","page","type-page","status-publish","has-post-thumbnail","hentry"],"acf":[],"yoast_head":"<!-- This site is optimized with the Yoast SEO plugin v27.3 - https:\/\/yoast.com\/product\/yoast-seo-wordpress\/ -->\n<title>Comit\u00e9s et groupes de travail - Mobilit\u00e9 Electrique Canada<\/title>\n<meta name=\"description\" content=\"Tous les \u00ab membres avec droit de vote \u00bb peuvent devenir membres des comit\u00e9s de Mobilit\u00e9 \u00e9lectrique Canada, sous r\u00e9serve de l\u2019approbation du conseil d\u2019administration.\" \/>\n<meta name=\"robots\" content=\"index, follow, max-snippet:-1, max-image-preview:large, max-video-preview:-1\" \/>\n<link rel=\"canonical\" href=\"https:\/\/emc-mec.ca\/fr\/about-us\/committees-working-groups\/\" \/>\n<meta property=\"og:locale\" content=\"fr_FR\" \/>\n<meta property=\"og:type\" content=\"article\" \/>\n<meta property=\"og:title\" content=\"Comit\u00e9s et groupes de travail - Mobilit\u00e9 Electrique Canada\" \/>\n<meta property=\"og:description\" content=\"Tous les \u00ab membres avec droit de vote \u00bb peuvent devenir membres des comit\u00e9s de Mobilit\u00e9 \u00e9lectrique Canada, sous r\u00e9serve de l\u2019approbation du conseil d\u2019administration.\" \/>\n<meta property=\"og:url\" content=\"https:\/\/emc-mec.ca\/fr\/about-us\/committees-working-groups\/\" \/>\n<meta property=\"og:site_name\" content=\"Mobilit\u00e9 Electrique Canada\" \/>\n<meta property=\"article:modified_time\" content=\"2025-12-18T13:45:15+00:00\" \/>\n<meta property=\"og:image\" content=\"https:\/\/emc-mec.ca\/wp-content\/uploads\/2022\/09\/hero-photo-1.jpg\" \/>\n\t<meta property=\"og:image:width\" content=\"1500\" \/>\n\t<meta property=\"og:image:height\" content=\"1549\" \/>\n\t<meta property=\"og:image:type\" content=\"image\/jpeg\" \/>\n<meta name=\"twitter:card\" content=\"summary_large_image\" \/>\n<meta name=\"twitter:label1\" content=\"Dur\u00e9e de lecture estim\u00e9e\" \/>\n\t<meta name=\"twitter:data1\" content=\"1 minute\" \/>\n<script type=\"application\/ld+json\" class=\"yoast-schema-graph\">{\"@context\":\"https:\\\/\\\/schema.org\",\"@graph\":[{\"@type\":\"WebPage\",\"@id\":\"https:\\\/\\\/emc-mec.ca\\\/fr\\\/about-us\\\/committees-working-groups\\\/\",\"url\":\"https:\\\/\\\/emc-mec.ca\\\/fr\\\/about-us\\\/committees-working-groups\\\/\",\"name\":\"Comit\u00e9s et groupes de travail - Mobilit\u00e9 Electrique Canada\",\"isPartOf\":{\"@id\":\"https:\\\/\\\/emc-mec.ca\\\/#website\"},\"primaryImageOfPage\":{\"@id\":\"https:\\\/\\\/emc-mec.ca\\\/fr\\\/about-us\\\/committees-working-groups\\\/#primaryimage\"},\"image\":{\"@id\":\"https:\\\/\\\/emc-mec.ca\\\/fr\\\/about-us\\\/committees-working-groups\\\/#primaryimage\"},\"thumbnailUrl\":\"https:\\\/\\\/emc-mec.ca\\\/wp-content\\\/uploads\\\/2022\\\/09\\\/hero-photo-1.jpg\",\"datePublished\":\"2022-09-27T13:00:33+00:00\",\"dateModified\":\"2025-12-18T13:45:15+00:00\",\"description\":\"Tous les \u00ab membres avec droit de vote \u00bb peuvent devenir membres des comit\u00e9s de Mobilit\u00e9 \u00e9lectrique Canada, sous r\u00e9serve de l\u2019approbation du conseil d\u2019administration.\",\"breadcrumb\":{\"@id\":\"https:\\\/\\\/emc-mec.ca\\\/fr\\\/about-us\\\/committees-working-groups\\\/#breadcrumb\"},\"inLanguage\":\"fr-FR\",\"potentialAction\":[{\"@type\":\"ReadAction\",\"target\":[\"https:\\\/\\\/emc-mec.ca\\\/fr\\\/about-us\\\/committees-working-groups\\\/\"]}]},{\"@type\":\"ImageObject\",\"inLanguage\":\"fr-FR\",\"@id\":\"https:\\\/\\\/emc-mec.ca\\\/fr\\\/about-us\\\/committees-working-groups\\\/#primaryimage\",\"url\":\"https:\\\/\\\/emc-mec.ca\\\/wp-content\\\/uploads\\\/2022\\\/09\\\/hero-photo-1.jpg\",\"contentUrl\":\"https:\\\/\\\/emc-mec.ca\\\/wp-content\\\/uploads\\\/2022\\\/09\\\/hero-photo-1.jpg\",\"width\":1500,\"height\":1549},{\"@type\":\"BreadcrumbList\",\"@id\":\"https:\\\/\\\/emc-mec.ca\\\/fr\\\/about-us\\\/committees-working-groups\\\/#breadcrumb\",\"itemListElement\":[{\"@type\":\"ListItem\",\"position\":1,\"name\":\"Home\",\"item\":\"https:\\\/\\\/emc-mec.ca\\\/fr\\\/\"},{\"@type\":\"ListItem\",\"position\":2,\"name\":\"\u00c0 propos\",\"item\":\"https:\\\/\\\/emc-mec.ca\\\/fr\\\/about-us\\\/\"},{\"@type\":\"ListItem\",\"position\":3,\"name\":\"Comit\u00e9s et groupes de travail\"}]},{\"@type\":\"WebSite\",\"@id\":\"https:\\\/\\\/emc-mec.ca\\\/#website\",\"url\":\"https:\\\/\\\/emc-mec.ca\\\/\",\"name\":\"Mobilit\u00e9 Electrique Canada\",\"description\":\"Acc\u00e9l\u00e9rer l&#039;\u00e9lectrification des transports\",\"potentialAction\":[{\"@type\":\"SearchAction\",\"target\":{\"@type\":\"EntryPoint\",\"urlTemplate\":\"https:\\\/\\\/emc-mec.ca\\\/?s={search_term_string}\"},\"query-input\":{\"@type\":\"PropertyValueSpecification\",\"valueRequired\":true,\"valueName\":\"search_term_string\"}}],\"inLanguage\":\"fr-FR\"}]}<\/script>\n<!-- \/ Yoast SEO plugin. -->","yoast_head_json":{"title":"Comit\u00e9s et groupes de travail - Mobilit\u00e9 Electrique Canada","description":"Tous les \u00ab membres avec droit de vote \u00bb peuvent devenir membres des comit\u00e9s de Mobilit\u00e9 \u00e9lectrique Canada, sous r\u00e9serve de l\u2019approbation du conseil d\u2019administration.","robots":{"index":"index","follow":"follow","max-snippet":"max-snippet:-1","max-image-preview":"max-image-preview:large","max-video-preview":"max-video-preview:-1"},"canonical":"https:\/\/emc-mec.ca\/fr\/about-us\/committees-working-groups\/","og_locale":"fr_FR","og_type":"article","og_title":"Comit\u00e9s et groupes de travail - Mobilit\u00e9 Electrique Canada","og_description":"Tous les \u00ab membres avec droit de vote \u00bb peuvent devenir membres des comit\u00e9s de Mobilit\u00e9 \u00e9lectrique Canada, sous r\u00e9serve de l\u2019approbation du conseil d\u2019administration.","og_url":"https:\/\/emc-mec.ca\/fr\/about-us\/committees-working-groups\/","og_site_name":"Mobilit\u00e9 Electrique Canada","article_modified_time":"2025-12-18T13:45:15+00:00","og_image":[{"width":1500,"height":1549,"url":"https:\/\/emc-mec.ca\/wp-content\/uploads\/2022\/09\/hero-photo-1.jpg","type":"image\/jpeg"}],"twitter_card":"summary_large_image","twitter_misc":{"Dur\u00e9e de lecture estim\u00e9e":"1 minute"},"schema":{"@context":"https:\/\/schema.org","@graph":[{"@type":"WebPage","@id":"https:\/\/emc-mec.ca\/fr\/about-us\/committees-working-groups\/","url":"https:\/\/emc-mec.ca\/fr\/about-us\/committees-working-groups\/","name":"Comit\u00e9s et groupes de travail - Mobilit\u00e9 Electrique Canada","isPartOf":{"@id":"https:\/\/emc-mec.ca\/#website"},"primaryImageOfPage":{"@id":"https:\/\/emc-mec.ca\/fr\/about-us\/committees-working-groups\/#primaryimage"},"image":{"@id":"https:\/\/emc-mec.ca\/fr\/about-us\/committees-working-groups\/#primaryimage"},"thumbnailUrl":"https:\/\/emc-mec.ca\/wp-content\/uploads\/2022\/09\/hero-photo-1.jpg","datePublished":"2022-09-27T13:00:33+00:00","dateModified":"2025-12-18T13:45:15+00:00","description":"Tous les \u00ab membres avec droit de vote \u00bb peuvent devenir membres des comit\u00e9s de Mobilit\u00e9 \u00e9lectrique Canada, sous r\u00e9serve de l\u2019approbation du conseil d\u2019administration.","breadcrumb":{"@id":"https:\/\/emc-mec.ca\/fr\/about-us\/committees-working-groups\/#breadcrumb"},"inLanguage":"fr-FR","potentialAction":[{"@type":"ReadAction","target":["https:\/\/emc-mec.ca\/fr\/about-us\/committees-working-groups\/"]}]},{"@type":"ImageObject","inLanguage":"fr-FR","@id":"https:\/\/emc-mec.ca\/fr\/about-us\/committees-working-groups\/#primaryimage","url":"https:\/\/emc-mec.ca\/wp-content\/uploads\/2022\/09\/hero-photo-1.jpg","contentUrl":"https:\/\/emc-mec.ca\/wp-content\/uploads\/2022\/09\/hero-photo-1.jpg","width":1500,"height":1549},{"@type":"BreadcrumbList","@id":"https:\/\/emc-mec.ca\/fr\/about-us\/committees-working-groups\/#breadcrumb","itemListElement":[{"@type":"ListItem","position":1,"name":"Home","item":"https:\/\/emc-mec.ca\/fr\/"},{"@type":"ListItem","position":2,"name":"\u00c0 propos","item":"https:\/\/emc-mec.ca\/fr\/about-us\/"},{"@type":"ListItem","position":3,"name":"Comit\u00e9s et groupes de travail"}]},{"@type":"WebSite","@id":"https:\/\/emc-mec.ca\/#website","url":"https:\/\/emc-mec.ca\/","name":"Mobilit\u00e9 Electrique Canada","description":"Acc\u00e9l\u00e9rer l&#039;\u00e9lectrification des transports","potentialAction":[{"@type":"SearchAction","target":{"@type":"EntryPoint","urlTemplate":"https:\/\/emc-mec.ca\/?s={search_term_string}"},"query-input":{"@type":"PropertyValueSpecification","valueRequired":true,"valueName":"search_term_string"}}],"inLanguage":"fr-FR"}]}},"_links":{"self":[{"href":"https:\/\/emc-mec.ca\/fr\/wp-json\/wp\/v2\/pages\/1443","targetHints":{"allow":["GET"]}}],"collection":[{"href":"https:\/\/emc-mec.ca\/fr\/wp-json\/wp\/v2\/pages"}],"about":[{"href":"https:\/\/emc-mec.ca\/fr\/wp-json\/wp\/v2\/types\/page"}],"author":[{"embeddable":true,"href":"https:\/\/emc-mec.ca\/fr\/wp-json\/wp\/v2\/users\/1"}],"replies":[{"embeddable":true,"href":"https:\/\/emc-mec.ca\/fr\/wp-json\/wp\/v2\/comments?post=1443"}],"version-history":[{"count":14,"href":"https:\/\/emc-mec.ca\/fr\/wp-json\/wp\/v2\/pages\/1443\/revisions"}],"predecessor-version":[{"id":6444,"href":"https:\/\/emc-mec.ca\/fr\/wp-json\/wp\/v2\/pages\/1443\/revisions\/6444"}],"up":[{"embeddable":true,"href":"https:\/\/emc-mec.ca\/fr\/wp-json\/wp\/v2\/pages\/1371"}],"wp:featuredmedia":[{"embeddable":true,"href":"https:\/\/emc-mec.ca\/fr\/wp-json\/wp\/v2\/media\/338"}],"wp:attachment":[{"href":"https:\/\/emc-mec.ca\/fr\/wp-json\/wp\/v2\/media?parent=1443"}],"curies":[{"name":"wp","href":"https:\/\/api.w.org\/{rel}","templated":true}]}}