{"id":1430,"date":"2023-02-21T13:45:11","date_gmt":"2023-02-21T18:45:11","guid":{"rendered":"https:\/\/emc-mec.ca\/?page_id=1430"},"modified":"2025-10-08T12:23:59","modified_gmt":"2025-10-08T16:23:59","slug":"prix-al-cormier","status":"publish","type":"page","link":"https:\/\/emc-mec.ca\/fr\/about-us\/prix-al-cormier\/","title":{"rendered":"Prix Al Cormier"},"content":{"rendered":"<p>Le Prix Al Cormier porte le nom du fondateur de Mobilit\u00e9 \u00e9lectrique Canada, Al Cormier. Il a cr\u00e9\u00e9 M\u00c9C en 2006, qui est l\u2019une des premi\u00e8res organisations connues \u00e0 se consacrer \u00e0 l\u2019avancement de la mobilit\u00e9 \u00e9lectrique dans le monde.<\/p>\n<p>Chaque ann\u00e9e, M\u00c9C remet ce prix national \u00e0 une personne qui \u0153uvre ou a \u0153uvr\u00e9 en faveur de l\u2019\u00e9lectrification des transports. Le prix Al Cormier reconna\u00eet la r\u00e9ussite d\u2019une personne plut\u00f4t que celle d\u2019une organisation, et est d\u00e9cern\u00e9 \u00e0 une personne qui a largement d\u00e9pass\u00e9 les attentes indiqu\u00e9es dans la description de son poste.<\/p>\n<p>Cette personne doit d\u00e9montrer une contribution exceptionnelle dans une ou plusieurs des cat\u00e9gories suivantes :<\/p>\n<ul>\n<li>Excellence ou leadership dans le domaine de la mobilit\u00e9 \u00e9lectrique<\/li>\n<li>Projet exceptionnel ou initiative \u00e0 long terme<\/li>\n<li>Carri\u00e8re exceptionnelle<\/li>\n<li>Leadership au sein d\u2019une association de M\u00c9C<\/li>\n<li>D\u00e9monstration consid\u00e9rable d\u2019innovation, d\u2019initiative ou de r\u00f4le de pionnier dans le domaine de la mobilit\u00e9 \u00e9lectrique<\/li>\n<\/ul>\n<h2>Prix 2026<\/h2>\n<p><span class=\"--l --r sentence_highlight\">Le portail de candidatures pour le prix 2026 sera ouvert au pringtemps 2026.<\/span><\/p>\n<p><span class=\"--l --r sentence_highlight\"><span class=\"--l --r hover:bg-[#B4DAE8] hover:dark:bg-blue-next-600\">La<\/span> <span class=\"--l --r hover:bg-[#B4DAE8] hover:dark:bg-blue-next-600\">c\u00e9r\u00e9monie<\/span> <span class=\"--l --r hover:bg-[#B4DAE8] hover:dark:bg-blue-next-600\">de<\/span> <span class=\"--l --r hover:bg-[#B4DAE8] hover:dark:bg-blue-next-600\">remise<\/span> <span class=\"--l --r hover:bg-[#B4DAE8] hover:dark:bg-blue-next-600\">du<\/span>\u00a0<span class=\"--l --r hover:bg-[#B4DAE8] hover:dark:bg-blue-next-600\">prix<\/span> <span class=\"--l --r hover:bg-[#B4DAE8] hover:dark:bg-blue-next-600\">aura<\/span> <span class=\"--l --r hover:bg-[#B4DAE8] hover:dark:bg-blue-next-600\">lieu<\/span> <span class=\"--l --r hover:bg-[#B4DAE8] hover:dark:bg-blue-next-600\">\u00e0<\/span> <span class=\"--l --r hover:bg-[#B4DAE8] hover:dark:bg-blue-next-600\">l&#8217;occasion<\/span> d&#8217;EVVE 2026 <span class=\"--l --r hover:bg-[#B4DAE8] hover:dark:bg-blue-next-600\">\u00e0<\/span> Winnipeg.<\/span><\/p>\n<h2>Admissibilit\u00e9 :<\/h2>\n<ul>\n<li>La personne doit \u00eatre \u00e9tablie au Canada.<\/li>\n<li>Il n\u2019est pas n\u00e9cessaire que la personne soit membre de M\u00c9C.<\/li>\n<li>Le prix peut \u00eatre d\u00e9cern\u00e9 \u00e0 titre posthume.<\/li>\n<\/ul>\n<h2>Mises en candidature :<\/h2>\n<ul>\n<li>Les mises en candidature peuvent \u00eatre soutenues par tout membre en r\u00e8gle de M\u00c9C, dans toute cat\u00e9gorie.<\/li>\n<\/ul>\n<h2>Anciens laur\u00e9ats<\/h2>\n<ul>\n<li>2010 \u2013 Al Cormier (premier laur\u00e9at)<\/li>\n<li>2011 \u2013 Serge Roy, Hydro-Qu\u00e9bec<\/li>\n<li>2012 \u2013 Pierre Lavall\u00e9e, CEVEQ<\/li>\n<li>2013 \u2013 Steve Dallas, Toronto Electric<\/li>\n<li>2014 \u2013 Christina Ianniciello, gouvernement de la Colombie-Britannique<\/li>\n<li>2015 &#8211; Mark Dubois-Phillips, Powertech Labs<\/li>\n<li>2016 &#8211; Aucun laur\u00e9at<\/li>\n<li>2017 \u2013 Simon-Pierre Rioux, AVEQ<\/li>\n<li>2018 \u2013 Matt Stevens, Cross Chasm<\/li>\n<li>2019 \u2013 Sylvain Castonguay, Nordresa\/Dana TM4<\/li>\n<li>2020 \u2013 Catherine Kargas, MARCON-Miratech<\/li>\n<li>2021 \u2013 Cara Clairman, Plug\u2019n Drive<\/li>\n<li>2022 \u2013 Marc B\u00e9dard, Lion Electric<\/li>\n<li>2023 &#8211; L&#8217;honorable Fran\u00e7ois-Philippe Champagne, Ministre de l&#8217;innovation, des sciences et de l&#8217;industrie<\/li>\n<li>2024 &#8211; Louis Tremblay, FLO<\/li>\n<li>2025 &#8211; Kelly Carmichael, BCIT<\/li>\n<\/ul>\n","protected":false},"excerpt":{"rendered":"<p>Le Prix Al Cormier porte le nom du fondateur de Mobilit\u00e9 \u00e9lectrique Canada, Al Cormier. Il a cr\u00e9\u00e9 M\u00c9C en 2006, qui est l\u2019une des [&hellip;]<\/p>\n","protected":false},"author":1,"featured_media":338,"parent":1371,"menu_order":0,"comment_status":"closed","ping_status":"closed","template":"","meta":{"_acf_changed":false,"_monsterinsights_skip_tracking":false,"_monsterinsights_sitenote_active":false,"_monsterinsights_sitenote_note":"","_monsterinsights_sitenote_category":0,"footnotes":""},"class_list":["post-1430","page","type-page","status-publish","has-post-thumbnail","hentry"],"acf":[],"yoast_head":"<!-- This site is optimized with the Yoast SEO plugin v27.4 - https:\/\/yoast.com\/product\/yoast-seo-wordpress\/ -->\n<title>Prix Al Cormier - Mobilit\u00e9 Electrique Canada<\/title>\n<meta name=\"description\" content=\"Le Prix Al Cormier porte le nom du fondateur de Mobilit\u00e9 \u00e9lectrique Canada, Al Cormier. Il a cr\u00e9\u00e9 M\u00c9C en 2006, qui est l\u2019une des premi\u00e8res organisations connues \u00e0 se consacrer \u00e0 l\u2019avancement de la mobilit\u00e9 \u00e9lectrique dans le monde.\" \/>\n<meta name=\"robots\" content=\"index, follow, max-snippet:-1, max-image-preview:large, max-video-preview:-1\" \/>\n<link rel=\"canonical\" href=\"https:\/\/emc-mec.ca\/fr\/about-us\/prix-al-cormier\/\" \/>\n<meta property=\"og:locale\" content=\"fr_FR\" \/>\n<meta property=\"og:type\" content=\"article\" \/>\n<meta property=\"og:title\" content=\"Prix Al Cormier - Mobilit\u00e9 Electrique Canada\" \/>\n<meta property=\"og:description\" content=\"Le Prix Al Cormier porte le nom du fondateur de Mobilit\u00e9 \u00e9lectrique Canada, Al Cormier. Il a cr\u00e9\u00e9 M\u00c9C en 2006, qui est l\u2019une des premi\u00e8res organisations connues \u00e0 se consacrer \u00e0 l\u2019avancement de la mobilit\u00e9 \u00e9lectrique dans le monde.\" \/>\n<meta property=\"og:url\" content=\"https:\/\/emc-mec.ca\/fr\/about-us\/prix-al-cormier\/\" \/>\n<meta property=\"og:site_name\" content=\"Mobilit\u00e9 Electrique Canada\" \/>\n<meta property=\"article:modified_time\" content=\"2025-10-08T16:23:59+00:00\" \/>\n<meta property=\"og:image\" content=\"https:\/\/emc-mec.ca\/wp-content\/uploads\/2022\/09\/hero-photo-1.jpg\" \/>\n\t<meta property=\"og:image:width\" content=\"1500\" \/>\n\t<meta property=\"og:image:height\" content=\"1549\" \/>\n\t<meta property=\"og:image:type\" content=\"image\/jpeg\" \/>\n<meta name=\"twitter:card\" content=\"summary_large_image\" \/>\n<meta name=\"twitter:label1\" content=\"Dur\u00e9e de lecture estim\u00e9e\" \/>\n\t<meta name=\"twitter:data1\" content=\"2 minutes\" \/>\n<script type=\"application\/ld+json\" class=\"yoast-schema-graph\">{\"@context\":\"https:\\\/\\\/schema.org\",\"@graph\":[{\"@type\":\"WebPage\",\"@id\":\"https:\\\/\\\/emc-mec.ca\\\/fr\\\/about-us\\\/prix-al-cormier\\\/\",\"url\":\"https:\\\/\\\/emc-mec.ca\\\/fr\\\/about-us\\\/prix-al-cormier\\\/\",\"name\":\"Prix Al Cormier - Mobilit\u00e9 Electrique Canada\",\"isPartOf\":{\"@id\":\"https:\\\/\\\/emc-mec.ca\\\/#website\"},\"primaryImageOfPage\":{\"@id\":\"https:\\\/\\\/emc-mec.ca\\\/fr\\\/about-us\\\/prix-al-cormier\\\/#primaryimage\"},\"image\":{\"@id\":\"https:\\\/\\\/emc-mec.ca\\\/fr\\\/about-us\\\/prix-al-cormier\\\/#primaryimage\"},\"thumbnailUrl\":\"https:\\\/\\\/emc-mec.ca\\\/wp-content\\\/uploads\\\/2022\\\/09\\\/hero-photo-1.jpg\",\"datePublished\":\"2023-02-21T18:45:11+00:00\",\"dateModified\":\"2025-10-08T16:23:59+00:00\",\"description\":\"Le Prix Al Cormier porte le nom du fondateur de Mobilit\u00e9 \u00e9lectrique Canada, Al Cormier. Il a cr\u00e9\u00e9 M\u00c9C en 2006, qui est l\u2019une des premi\u00e8res organisations connues \u00e0 se consacrer \u00e0 l\u2019avancement de la mobilit\u00e9 \u00e9lectrique dans le monde.\",\"breadcrumb\":{\"@id\":\"https:\\\/\\\/emc-mec.ca\\\/fr\\\/about-us\\\/prix-al-cormier\\\/#breadcrumb\"},\"inLanguage\":\"fr-FR\",\"potentialAction\":[{\"@type\":\"ReadAction\",\"target\":[\"https:\\\/\\\/emc-mec.ca\\\/fr\\\/about-us\\\/prix-al-cormier\\\/\"]}]},{\"@type\":\"ImageObject\",\"inLanguage\":\"fr-FR\",\"@id\":\"https:\\\/\\\/emc-mec.ca\\\/fr\\\/about-us\\\/prix-al-cormier\\\/#primaryimage\",\"url\":\"https:\\\/\\\/emc-mec.ca\\\/wp-content\\\/uploads\\\/2022\\\/09\\\/hero-photo-1.jpg\",\"contentUrl\":\"https:\\\/\\\/emc-mec.ca\\\/wp-content\\\/uploads\\\/2022\\\/09\\\/hero-photo-1.jpg\",\"width\":1500,\"height\":1549},{\"@type\":\"BreadcrumbList\",\"@id\":\"https:\\\/\\\/emc-mec.ca\\\/fr\\\/about-us\\\/prix-al-cormier\\\/#breadcrumb\",\"itemListElement\":[{\"@type\":\"ListItem\",\"position\":1,\"name\":\"Home\",\"item\":\"https:\\\/\\\/emc-mec.ca\\\/fr\\\/\"},{\"@type\":\"ListItem\",\"position\":2,\"name\":\"\u00c0 propos\",\"item\":\"https:\\\/\\\/emc-mec.ca\\\/fr\\\/about-us\\\/\"},{\"@type\":\"ListItem\",\"position\":3,\"name\":\"Prix Al Cormier\"}]},{\"@type\":\"WebSite\",\"@id\":\"https:\\\/\\\/emc-mec.ca\\\/#website\",\"url\":\"https:\\\/\\\/emc-mec.ca\\\/\",\"name\":\"Mobilit\u00e9 Electrique Canada\",\"description\":\"Acc\u00e9l\u00e9rer l&#039;\u00e9lectrification des transports\",\"potentialAction\":[{\"@type\":\"SearchAction\",\"target\":{\"@type\":\"EntryPoint\",\"urlTemplate\":\"https:\\\/\\\/emc-mec.ca\\\/?s={search_term_string}\"},\"query-input\":{\"@type\":\"PropertyValueSpecification\",\"valueRequired\":true,\"valueName\":\"search_term_string\"}}],\"inLanguage\":\"fr-FR\"}]}<\/script>\n<!-- \/ Yoast SEO plugin. -->","yoast_head_json":{"title":"Prix Al Cormier - Mobilit\u00e9 Electrique Canada","description":"Le Prix Al Cormier porte le nom du fondateur de Mobilit\u00e9 \u00e9lectrique Canada, Al Cormier. Il a cr\u00e9\u00e9 M\u00c9C en 2006, qui est l\u2019une des premi\u00e8res organisations connues \u00e0 se consacrer \u00e0 l\u2019avancement de la mobilit\u00e9 \u00e9lectrique dans le monde.","robots":{"index":"index","follow":"follow","max-snippet":"max-snippet:-1","max-image-preview":"max-image-preview:large","max-video-preview":"max-video-preview:-1"},"canonical":"https:\/\/emc-mec.ca\/fr\/about-us\/prix-al-cormier\/","og_locale":"fr_FR","og_type":"article","og_title":"Prix Al Cormier - Mobilit\u00e9 Electrique Canada","og_description":"Le Prix Al Cormier porte le nom du fondateur de Mobilit\u00e9 \u00e9lectrique Canada, Al Cormier. Il a cr\u00e9\u00e9 M\u00c9C en 2006, qui est l\u2019une des premi\u00e8res organisations connues \u00e0 se consacrer \u00e0 l\u2019avancement de la mobilit\u00e9 \u00e9lectrique dans le monde.","og_url":"https:\/\/emc-mec.ca\/fr\/about-us\/prix-al-cormier\/","og_site_name":"Mobilit\u00e9 Electrique Canada","article_modified_time":"2025-10-08T16:23:59+00:00","og_image":[{"width":1500,"height":1549,"url":"https:\/\/emc-mec.ca\/wp-content\/uploads\/2022\/09\/hero-photo-1.jpg","type":"image\/jpeg"}],"twitter_card":"summary_large_image","twitter_misc":{"Dur\u00e9e de lecture estim\u00e9e":"2 minutes"},"schema":{"@context":"https:\/\/schema.org","@graph":[{"@type":"WebPage","@id":"https:\/\/emc-mec.ca\/fr\/about-us\/prix-al-cormier\/","url":"https:\/\/emc-mec.ca\/fr\/about-us\/prix-al-cormier\/","name":"Prix Al Cormier - Mobilit\u00e9 Electrique Canada","isPartOf":{"@id":"https:\/\/emc-mec.ca\/#website"},"primaryImageOfPage":{"@id":"https:\/\/emc-mec.ca\/fr\/about-us\/prix-al-cormier\/#primaryimage"},"image":{"@id":"https:\/\/emc-mec.ca\/fr\/about-us\/prix-al-cormier\/#primaryimage"},"thumbnailUrl":"https:\/\/emc-mec.ca\/wp-content\/uploads\/2022\/09\/hero-photo-1.jpg","datePublished":"2023-02-21T18:45:11+00:00","dateModified":"2025-10-08T16:23:59+00:00","description":"Le Prix Al Cormier porte le nom du fondateur de Mobilit\u00e9 \u00e9lectrique Canada, Al Cormier. Il a cr\u00e9\u00e9 M\u00c9C en 2006, qui est l\u2019une des premi\u00e8res organisations connues \u00e0 se consacrer \u00e0 l\u2019avancement de la mobilit\u00e9 \u00e9lectrique dans le monde.","breadcrumb":{"@id":"https:\/\/emc-mec.ca\/fr\/about-us\/prix-al-cormier\/#breadcrumb"},"inLanguage":"fr-FR","potentialAction":[{"@type":"ReadAction","target":["https:\/\/emc-mec.ca\/fr\/about-us\/prix-al-cormier\/"]}]},{"@type":"ImageObject","inLanguage":"fr-FR","@id":"https:\/\/emc-mec.ca\/fr\/about-us\/prix-al-cormier\/#primaryimage","url":"https:\/\/emc-mec.ca\/wp-content\/uploads\/2022\/09\/hero-photo-1.jpg","contentUrl":"https:\/\/emc-mec.ca\/wp-content\/uploads\/2022\/09\/hero-photo-1.jpg","width":1500,"height":1549},{"@type":"BreadcrumbList","@id":"https:\/\/emc-mec.ca\/fr\/about-us\/prix-al-cormier\/#breadcrumb","itemListElement":[{"@type":"ListItem","position":1,"name":"Home","item":"https:\/\/emc-mec.ca\/fr\/"},{"@type":"ListItem","position":2,"name":"\u00c0 propos","item":"https:\/\/emc-mec.ca\/fr\/about-us\/"},{"@type":"ListItem","position":3,"name":"Prix Al Cormier"}]},{"@type":"WebSite","@id":"https:\/\/emc-mec.ca\/#website","url":"https:\/\/emc-mec.ca\/","name":"Mobilit\u00e9 Electrique Canada","description":"Acc\u00e9l\u00e9rer l&#039;\u00e9lectrification des transports","potentialAction":[{"@type":"SearchAction","target":{"@type":"EntryPoint","urlTemplate":"https:\/\/emc-mec.ca\/?s={search_term_string}"},"query-input":{"@type":"PropertyValueSpecification","valueRequired":true,"valueName":"search_term_string"}}],"inLanguage":"fr-FR"}]}},"_links":{"self":[{"href":"https:\/\/emc-mec.ca\/fr\/wp-json\/wp\/v2\/pages\/1430","targetHints":{"allow":["GET"]}}],"collection":[{"href":"https:\/\/emc-mec.ca\/fr\/wp-json\/wp\/v2\/pages"}],"about":[{"href":"https:\/\/emc-mec.ca\/fr\/wp-json\/wp\/v2\/types\/page"}],"author":[{"embeddable":true,"href":"https:\/\/emc-mec.ca\/fr\/wp-json\/wp\/v2\/users\/1"}],"replies":[{"embeddable":true,"href":"https:\/\/emc-mec.ca\/fr\/wp-json\/wp\/v2\/comments?post=1430"}],"version-history":[{"count":11,"href":"https:\/\/emc-mec.ca\/fr\/wp-json\/wp\/v2\/pages\/1430\/revisions"}],"predecessor-version":[{"id":5985,"href":"https:\/\/emc-mec.ca\/fr\/wp-json\/wp\/v2\/pages\/1430\/revisions\/5985"}],"up":[{"embeddable":true,"href":"https:\/\/emc-mec.ca\/fr\/wp-json\/wp\/v2\/pages\/1371"}],"wp:featuredmedia":[{"embeddable":true,"href":"https:\/\/emc-mec.ca\/fr\/wp-json\/wp\/v2\/media\/338"}],"wp:attachment":[{"href":"https:\/\/emc-mec.ca\/fr\/wp-json\/wp\/v2\/media?parent=1430"}],"curies":[{"name":"wp","href":"https:\/\/api.w.org\/{rel}","templated":true}]}}